{"id":573,"date":"2019-09-23T19:51:21","date_gmt":"2019-09-23T17:51:21","guid":{"rendered":"http:\/\/www.sitkaschaft.de\/?page_id=573"},"modified":"2026-03-26T10:24:01","modified_gmt":"2026-03-26T09:24:01","slug":"bogentraining","status":"publish","type":"page","link":"http:\/\/www.sitkaschaft.de\/?page_id=573","title":{"rendered":"Bogentraining"},"content":{"rendered":"<p>Bogenschie\u00dfen ist ein Sport f\u00fcr Alt und Jung. Jeder kann das Schie\u00dfen mit Pfeil und Bogen erlernen.<\/p>\n<p>Bogenschie\u00dfen f\u00f6rdert die Konzentration und st\u00e4rkt R\u00fccken-, Nacken-, Schulter-\u00a0 und Armmuskulatur. Mein Anspruch ist es, das jeder eine vern\u00fcnftige, k\u00f6rperschonende und immer wiederkehrende Schie\u00dftechnik erlernt.<\/p>\n<p>Nur mit einer gleichbleibend guten Schie\u00dftechnik kann man Erfolge erzielen.<\/p>\n<p>Ich biete Training in Kleingruppen an. So kann ich mit jedem Einzelnen an seiner individuellen Schie\u00dftechnik arbeiten.<\/p>\n<p>Ausr\u00fcstung f\u00fcrs Training wird gestellt, wenn keine eigene Ausr\u00fcstung vorhanden ist.<\/p>\n<p>Aktuelle Trainingszeiten f\u00fcr Kinder: Dienstags von 15.30-16.30 Uhr<\/p>\n<p><img loading=\"lazy\" decoding=\"async\" class=\"alignleft size-full wp-image-574\" src=\"http:\/\/www.sitkaschaft.de\/wp-content\/uploads\/2019\/09\/DSC06995.jpg\" alt=\"\" width=\"5456\" height=\"3632\" srcset=\"http:\/\/www.sitkaschaft.de\/wp-content\/uploads\/2019\/09\/DSC06995.jpg 5456w, http:\/\/www.sitkaschaft.de\/wp-content\/uploads\/2019\/09\/DSC06995-300x200.jpg 300w, http:\/\/www.sitkaschaft.de\/wp-content\/uploads\/2019\/09\/DSC06995-768x511.jpg 768w, http:\/\/www.sitkaschaft.de\/wp-content\/uploads\/2019\/09\/DSC06995-1024x682.jpg 1024w\" sizes=\"auto, (max-width: 5456px) 100vw, 5456px\" \/><\/p>\n","protected":false},"excerpt":{"rendered":"<p>Bogenschie\u00dfen ist ein Sport f\u00fcr Alt und Jung. Jeder kann das Schie\u00dfen mit Pfeil und Bogen erlernen. Bogenschie\u00dfen f\u00f6rdert die Konzentration und st\u00e4rkt R\u00fccken-, Nacken-, Schulter-\u00a0 und Armmuskulatur. Mein Anspruch ist es, das jeder eine vern\u00fcnftige, k\u00f6rperschonende und immer wiederkehrende Schie\u00dftechnik erlernt. Nur mit einer gleichbleibend guten Schie\u00dftechnik kann man Erfolge erzielen. Ich biete Training [&hellip;]<\/p>\n","protected":false},"author":1,"featured_media":0,"parent":162,"menu_order":0,"comment_status":"closed","ping_status":"closed","template":"","meta":{"footnotes":""},"class_list":["post-573","page","type-page","status-publish","hentry"],"_links":{"self":[{"href":"http:\/\/www.sitkaschaft.de\/index.php?rest_route=\/wp\/v2\/pages\/573","targetHints":{"allow":["GET"]}}],"collection":[{"href":"http:\/\/www.sitkaschaft.de\/index.php?rest_route=\/wp\/v2\/pages"}],"about":[{"href":"http:\/\/www.sitkaschaft.de\/index.php?rest_route=\/wp\/v2\/types\/page"}],"author":[{"embeddable":true,"href":"http:\/\/www.sitkaschaft.de\/index.php?rest_route=\/wp\/v2\/users\/1"}],"replies":[{"embeddable":true,"href":"http:\/\/www.sitkaschaft.de\/index.php?rest_route=%2Fwp%2Fv2%2Fcomments&post=573"}],"version-history":[{"count":17,"href":"http:\/\/www.sitkaschaft.de\/index.php?rest_route=\/wp\/v2\/pages\/573\/revisions"}],"predecessor-version":[{"id":851,"href":"http:\/\/www.sitkaschaft.de\/index.php?rest_route=\/wp\/v2\/pages\/573\/revisions\/851"}],"up":[{"embeddable":true,"href":"http:\/\/www.sitkaschaft.de\/index.php?rest_route=\/wp\/v2\/pages\/162"}],"wp:attachment":[{"href":"http:\/\/www.sitkaschaft.de\/index.php?rest_route=%2Fwp%2Fv2%2Fmedia&parent=573"}],"curies":[{"name":"wp","href":"https:\/\/api.w.org\/{rel}","templated":true}]}}