{"id":547,"date":"2019-06-30T21:40:57","date_gmt":"2019-06-30T19:40:57","guid":{"rendered":"http:\/\/www.sitkaschaft.de\/?page_id=547"},"modified":"2026-03-26T10:27:26","modified_gmt":"2026-03-26T09:27:26","slug":"schaefte","status":"publish","type":"page","link":"http:\/\/www.sitkaschaft.de\/?page_id=547","title":{"rendered":"Sch\u00e4fte"},"content":{"rendered":"<h6><img loading=\"lazy\" decoding=\"async\" class=\"wp-image-196 aligncenter\" src=\"http:\/\/www.sitkaschaft.de\/wp-content\/uploads\/2016\/10\/SchaeftePfeil.jpg\" alt=\"\" width=\"637\" height=\"331\" srcset=\"http:\/\/www.sitkaschaft.de\/wp-content\/uploads\/2016\/10\/SchaeftePfeil.jpg 800w, http:\/\/www.sitkaschaft.de\/wp-content\/uploads\/2016\/10\/SchaeftePfeil-300x156.jpg 300w, http:\/\/www.sitkaschaft.de\/wp-content\/uploads\/2016\/10\/SchaeftePfeil-768x399.jpg 768w\" sizes=\"auto, (max-width: 637px) 100vw, 637px\" \/><\/h6>\n<h6>\u00a0<\/h6>\n<p><span style=\"color: #000000;\"><a href=\"http:\/\/www.sitkaschaft.de\/?page_id=24\">Bitte beachtet unsere AGB und unsere Informationen zum Widerrufsrecht<\/a><\/span><\/p>\n<p>Da insbesondere bei unseren Pfeilsch\u00e4ften nicht immer alle Spinewerte am Lager sind, erhaltet ihr von mir eine R\u00fcckmeldung \u00fcber die Lieferbarkeit.<\/p>\n<p>Bestellungen werden nur nach Vorkasse verschickt. F\u00fcr R\u00fcckfragen und Beratung k\u00f6nnt ihr mich unter 05203 902933 telefonisch erreichen, sprecht ggf. auf den Anrufbeantworter, ich melde mich schnellstm\u00f6glich zur\u00fcck.<\/p>\n<h3><strong>Bestellung per Email unter <a href=\"mailto:bestellung@sitkaschaft.de\">bestellung@sitkaschaft.de<\/a><\/strong><\/h3>\n<p><strong><img loading=\"lazy\" decoding=\"async\" class=\"wp-image-348 alignnone\" src=\"http:\/\/www.sitkaschaft.de\/wp-content\/uploads\/2016\/07\/schaefteWissen.jpg\" alt=\"\" width=\"253\" height=\"138\" srcset=\"http:\/\/www.sitkaschaft.de\/wp-content\/uploads\/2016\/07\/schaefteWissen.jpg 800w, http:\/\/www.sitkaschaft.de\/wp-content\/uploads\/2016\/07\/schaefteWissen-300x164.jpg 300w, http:\/\/www.sitkaschaft.de\/wp-content\/uploads\/2016\/07\/schaefteWissen-768x420.jpg 768w\" sizes=\"auto, (max-width: 253px) 100vw, 253px\" \/><\/strong><\/p>\n<p><strong>12er Satz Pfeilsch\u00e4fte aus <a href=\"http:\/\/www.sitkaschaft.de\/?page_id=139\">Sitkafichte<\/a><\/strong>\u00a0 <strong>Premiumqualit\u00e4t +- 1,5# +-0,5g \u00a0\u00a0<\/strong> <strong>5\/16<\/strong> ,L\u00e4nge 32,5&#8243;;\u00a0<strong>11\/32&#8243;<\/strong>, L\u00e4nge 34&#8243;, gew\u00fcnschten Spinewert angeben.<\/p>\n<p style=\"text-align: right;\">12er Satz <strong>43,20 Euro<\/strong><\/p>\n<p><img loading=\"lazy\" decoding=\"async\" class=\"wp-image-348 alignnone\" src=\"http:\/\/www.sitkaschaft.de\/wp-content\/uploads\/2016\/07\/schaefteWissen.jpg\" alt=\"\" width=\"253\" height=\"138\" srcset=\"http:\/\/www.sitkaschaft.de\/wp-content\/uploads\/2016\/07\/schaefteWissen.jpg 800w, http:\/\/www.sitkaschaft.de\/wp-content\/uploads\/2016\/07\/schaefteWissen-300x164.jpg 300w, http:\/\/www.sitkaschaft.de\/wp-content\/uploads\/2016\/07\/schaefteWissen-768x420.jpg 768w\" sizes=\"auto, (max-width: 253px) 100vw, 253px\" \/><\/p>\n<p><strong>12er Satz Pfeilsch\u00e4fte aus <a href=\"http:\/\/www.sitkaschaft.de\/?page_id=139\">Sitkafichte<\/a><\/strong>\u00a0 <strong>Standardqualit\u00e4t<\/strong> (35-40, 40-45 usw), <strong>+-0,5g\u00a0 5\/16 , <\/strong>L\u00e4nge 32,5&#8243;; <strong>11\/32&#8243;<\/strong> , L\u00e4nge 34&#8243;, gew\u00fcnschten Spinebereich angeben.<\/p>\n<p style=\"text-align: right;\">12er Satz <strong>28,80 Euro<\/strong><\/p>\n<p><strong><img loading=\"lazy\" decoding=\"async\" class=\"wp-image-348 alignnone\" src=\"http:\/\/www.sitkaschaft.de\/wp-content\/uploads\/2016\/07\/schaefteWissen.jpg\" alt=\"\" width=\"248\" height=\"135\" srcset=\"http:\/\/www.sitkaschaft.de\/wp-content\/uploads\/2016\/07\/schaefteWissen.jpg 800w, http:\/\/www.sitkaschaft.de\/wp-content\/uploads\/2016\/07\/schaefteWissen-300x164.jpg 300w, http:\/\/www.sitkaschaft.de\/wp-content\/uploads\/2016\/07\/schaefteWissen-768x420.jpg 768w\" sizes=\"auto, (max-width: 248px) 100vw, 248px\" \/><\/strong><\/p>\n<p><strong>Pfeilschaft aus Sitkafichte<\/strong> in 5# Abstufungen (20-25,25-30 usw) <strong>Standardqualit\u00e4t <\/strong>gew\u00fcnschten Spinebereich angeben<\/p>\n<p style=\"text-align: right;\">je Schaft <strong>1,50 Euro<\/strong><\/p>\n<p>100er-Karton 130,00\u20ac<\/p>\n\n\n<p><\/p>\n","protected":false},"excerpt":{"rendered":"<p>\u00a0 Bitte beachtet unsere AGB und unsere Informationen zum Widerrufsrecht Da insbesondere bei unseren Pfeilsch\u00e4ften nicht immer alle Spinewerte am Lager sind, erhaltet ihr von mir eine R\u00fcckmeldung \u00fcber die Lieferbarkeit. Bestellungen werden nur nach Vorkasse verschickt. F\u00fcr R\u00fcckfragen und Beratung k\u00f6nnt ihr mich unter 05203 902933 telefonisch erreichen, sprecht ggf. auf den Anrufbeantworter, ich [&hellip;]<\/p>\n","protected":false},"author":1,"featured_media":0,"parent":44,"menu_order":0,"comment_status":"closed","ping_status":"closed","template":"","meta":{"footnotes":""},"class_list":["post-547","page","type-page","status-publish","hentry"],"_links":{"self":[{"href":"http:\/\/www.sitkaschaft.de\/index.php?rest_route=\/wp\/v2\/pages\/547","targetHints":{"allow":["GET"]}}],"collection":[{"href":"http:\/\/www.sitkaschaft.de\/index.php?rest_route=\/wp\/v2\/pages"}],"about":[{"href":"http:\/\/www.sitkaschaft.de\/index.php?rest_route=\/wp\/v2\/types\/page"}],"author":[{"embeddable":true,"href":"http:\/\/www.sitkaschaft.de\/index.php?rest_route=\/wp\/v2\/users\/1"}],"replies":[{"embeddable":true,"href":"http:\/\/www.sitkaschaft.de\/index.php?rest_route=%2Fwp%2Fv2%2Fcomments&post=547"}],"version-history":[{"count":16,"href":"http:\/\/www.sitkaschaft.de\/index.php?rest_route=\/wp\/v2\/pages\/547\/revisions"}],"predecessor-version":[{"id":854,"href":"http:\/\/www.sitkaschaft.de\/index.php?rest_route=\/wp\/v2\/pages\/547\/revisions\/854"}],"up":[{"embeddable":true,"href":"http:\/\/www.sitkaschaft.de\/index.php?rest_route=\/wp\/v2\/pages\/44"}],"wp:attachment":[{"href":"http:\/\/www.sitkaschaft.de\/index.php?rest_route=%2Fwp%2Fv2%2Fmedia&parent=547"}],"curies":[{"name":"wp","href":"https:\/\/api.w.org\/{rel}","templated":true}]}}