{"id":505,"date":"2019-06-30T21:02:24","date_gmt":"2019-06-30T19:02:24","guid":{"rendered":"http:\/\/www.sitkaschaft.de\/?page_id=505"},"modified":"2024-04-16T08:55:10","modified_gmt":"2024-04-16T06:55:10","slug":"wetterfeste-tierbilder","status":"publish","type":"page","link":"http:\/\/www.sitkaschaft.de\/?page_id=505","title":{"rendered":"Wetterfeste Tierbilder"},"content":{"rendered":"<p>Neu in unserem Angebot haben wir die wetterfesten Tierbilder von Italespanso.<\/p>\n<p>Die Bilder sind witterungs- und UV-stabil auf ein rei\u00dffestes Gewebe gedruckt und auf ein d\u00fcnnes neoprenartiges Untermaterial laminiert. Sie halten auch intensivem Beschuss lange stand und widerstehen den Witterungsbedingungen \u00fcber das ganze Jahr.<\/p>\n<p>Eine tolle Alternative zu teuren und diebstahlgef\u00e4hrdeten 3D-Tieren f\u00fcr den kleinen Parcours.<\/p>\n<p><span style=\"color: #ff0000;\">Hier findet ihr nur eine kleine Auswahl an Bildern. Weitere Motive und Gr\u00f6\u00dfen bitte anfragen, ich schicke Euch dann die Gesamtliste mit verf\u00fcgbaren Bildern.\u00a0<\/span><\/p>\n<p>\u00a0<\/p>\n<p style=\"text-align: right;\">\u00a0<\/p>\n<p><strong><img loading=\"lazy\" decoding=\"async\" class=\"size-full wp-image-514 alignnone\" src=\"http:\/\/www.sitkaschaft.de\/wp-content\/uploads\/2019\/06\/RatteSeit.jpg\" alt=\"\" width=\"140\" height=\"121\" \/><\/strong><\/p>\n<p style=\"text-align: left;\"><strong>Ratte seitlich<\/strong><\/p>\n<p style=\"text-align: right;\"><span style=\"color: #ff0000;\"><span style=\"color: #008000;\">(45 x 35cm)<\/span><strong><span style=\"color: #008000;\"> 11,-<\/span> <span style=\"color: #339966;\">Euro<\/span><\/strong><\/span><\/p>\n<p><img loading=\"lazy\" decoding=\"async\" class=\"wp-image-515 alignnone\" src=\"http:\/\/www.sitkaschaft.de\/wp-content\/uploads\/2019\/06\/Kroete.jpg\" alt=\"\" width=\"137\" height=\"169\" srcset=\"http:\/\/www.sitkaschaft.de\/wp-content\/uploads\/2019\/06\/Kroete.jpg 261w, http:\/\/www.sitkaschaft.de\/wp-content\/uploads\/2019\/06\/Kroete-242x300.jpg 242w\" sizes=\"auto, (max-width: 137px) 100vw, 137px\" \/><\/p>\n<p><strong>Kr\u00f6te<\/strong><\/p>\n<p style=\"text-align: right;\"><span style=\"color: #339966;\">(35 x 45cm)<strong> 11,- Euro<\/strong><\/span><\/p>\n<p style=\"text-align: right;\"><span style=\"color: #008000;\">\u00a0<\/span><\/p>\n<p style=\"text-align: left;\"><strong><img loading=\"lazy\" decoding=\"async\" class=\"wp-image-513 alignnone\" src=\"http:\/\/www.sitkaschaft.de\/wp-content\/uploads\/2019\/06\/SchildkRechts.jpg\" alt=\"\" width=\"158\" height=\"116\" srcset=\"http:\/\/www.sitkaschaft.de\/wp-content\/uploads\/2019\/06\/SchildkRechts.jpg 442w, http:\/\/www.sitkaschaft.de\/wp-content\/uploads\/2019\/06\/SchildkRechts-300x219.jpg 300w\" sizes=\"auto, (max-width: 158px) 100vw, 158px\" \/><\/strong><\/p>\n<p style=\"text-align: left;\"><strong>Schildkr\u00f6te<\/strong><\/p>\n<p style=\"text-align: right;\"><span style=\"color: #008000;\">(45 x 35cm) <strong>11,- Euro<\/strong><\/span><\/p>\n<p style=\"text-align: right;\"><span style=\"color: #008000;\">(60 x 40cm) <strong>18,- Euro<\/strong><\/span><\/p>\n<p><strong><img loading=\"lazy\" decoding=\"async\" class=\"wp-image-535 alignnone\" src=\"http:\/\/www.sitkaschaft.de\/wp-content\/uploads\/2019\/06\/SchildkLinks.jpg\" alt=\"\" width=\"162\" height=\"95\" \/><\/strong><\/p>\n<p><strong>Schildkr\u00f6te links<\/strong><\/p>\n<p style=\"text-align: right;\">\u00a0\u00a0\u00a0\u00a0\u00a0\u00a0\u00a0\u00a0\u00a0\u00a0\u00a0\u00a0\u00a0\u00a0\u00a0\u00a0\u00a0\u00a0\u00a0\u00a0\u00a0\u00a0\u00a0\u00a0\u00a0\u00a0\u00a0\u00a0\u00a0\u00a0\u00a0\u00a0\u00a0\u00a0\u00a0\u00a0\u00a0\u00a0\u00a0\u00a0\u00a0\u00a0\u00a0\u00a0\u00a0\u00a0\u00a0\u00a0\u00a0\u00a0\u00a0\u00a0\u00a0\u00a0\u00a0\u00a0\u00a0\u00a0\u00a0\u00a0\u00a0\u00a0\u00a0\u00a0\u00a0\u00a0\u00a0\u00a0\u00a0\u00a0\u00a0\u00a0\u00a0\u00a0<span style=\"color: #339966;\">\u00a0<span style=\"color: #008000;\"> (45 x 35cm) <strong>11,-Euro<\/strong><\/span><\/span><\/p>\n<p style=\"text-align: right;\"><span style=\"color: #008000;\">(60 x 40cm) <strong>18,- Euro<\/strong><\/span><\/p>\n<p><strong><img loading=\"lazy\" decoding=\"async\" class=\"wp-image-508 alignnone\" src=\"http:\/\/www.sitkaschaft.de\/wp-content\/uploads\/2019\/06\/Kaninchen.jpg\" alt=\"\" width=\"159\" height=\"123\" srcset=\"http:\/\/www.sitkaschaft.de\/wp-content\/uploads\/2019\/06\/Kaninchen.jpg 358w, http:\/\/www.sitkaschaft.de\/wp-content\/uploads\/2019\/06\/Kaninchen-300x232.jpg 300w\" sizes=\"auto, (max-width: 159px) 100vw, 159px\" \/><\/strong><\/p>\n<p><strong>Kaninchen<\/strong><\/p>\n<p style=\"text-align: right;\"><span style=\"color: #008000;\">(45 x 35cm) <strong>11,- Euro<\/strong><\/span><\/p>\n<p><strong><img loading=\"lazy\" decoding=\"async\" class=\"wp-image-509 alignnone\" src=\"http:\/\/www.sitkaschaft.de\/wp-content\/uploads\/2019\/06\/Schnecke.jpg\" alt=\"\" width=\"163\" height=\"110\" srcset=\"http:\/\/www.sitkaschaft.de\/wp-content\/uploads\/2019\/06\/Schnecke.jpg 435w, http:\/\/www.sitkaschaft.de\/wp-content\/uploads\/2019\/06\/Schnecke-300x203.jpg 300w\" sizes=\"auto, (max-width: 163px) 100vw, 163px\" \/><\/strong><\/p>\n<p><strong>Schnecke<\/strong><\/p>\n<p style=\"text-align: right;\"><span style=\"color: #339966;\">(45 x 35cm) <strong>11,- Euro<\/strong><\/span><\/p>\n<p><strong><img loading=\"lazy\" decoding=\"async\" class=\"wp-image-512 alignnone\" src=\"http:\/\/www.sitkaschaft.de\/wp-content\/uploads\/2019\/06\/Igel.jpg\" alt=\"\" width=\"172\" height=\"146\" srcset=\"http:\/\/www.sitkaschaft.de\/wp-content\/uploads\/2019\/06\/Igel.jpg 376w, http:\/\/www.sitkaschaft.de\/wp-content\/uploads\/2019\/06\/Igel-300x255.jpg 300w\" sizes=\"auto, (max-width: 172px) 100vw, 172px\" \/><\/strong><\/p>\n<p><strong>Igel<\/strong><\/p>\n<p style=\"text-align: right;\"><span style=\"color: #008000;\">(45 x 35cm) <strong>11,- Euro<\/strong><\/span><\/p>\n<p><strong>\u00a0<\/strong><\/p>\n<p><strong><img loading=\"lazy\" decoding=\"async\" class=\"wp-image-519 alignnone\" src=\"http:\/\/www.sitkaschaft.de\/wp-content\/uploads\/2019\/06\/FuchsFront.jpg\" alt=\"\" width=\"171\" height=\"252\" srcset=\"http:\/\/www.sitkaschaft.de\/wp-content\/uploads\/2019\/06\/FuchsFront.jpg 206w, http:\/\/www.sitkaschaft.de\/wp-content\/uploads\/2019\/06\/FuchsFront-204x300.jpg 204w\" sizes=\"auto, (max-width: 171px) 100vw, 171px\" \/><\/strong><\/p>\n<p><strong>F<\/strong><strong>uchs frontal<\/strong><\/p>\n<p style=\"text-align: right;\"><span style=\"color: #008000;\">(33 x 49cm) <strong>11,- Euro<\/strong><\/span><\/p>\n<p><strong><img loading=\"lazy\" decoding=\"async\" class=\"wp-image-536 alignnone\" src=\"http:\/\/www.sitkaschaft.de\/wp-content\/uploads\/2019\/06\/FuchsSeit.jpg\" alt=\"\" width=\"169\" height=\"196\" srcset=\"http:\/\/www.sitkaschaft.de\/wp-content\/uploads\/2019\/06\/FuchsSeit.jpg 284w, http:\/\/www.sitkaschaft.de\/wp-content\/uploads\/2019\/06\/FuchsSeit-259x300.jpg 259w\" sizes=\"auto, (max-width: 169px) 100vw, 169px\" \/><\/strong><\/p>\n<p><strong>Fuchs seitlich<\/strong><\/p>\n<p style=\"text-align: right;\"><span style=\"color: #008000;\">(44 x 52cm) <strong>18,- Euro<\/strong><\/span><\/p>\n<p><strong><img loading=\"lazy\" decoding=\"async\" class=\"wp-image-540 alignnone\" src=\"http:\/\/www.sitkaschaft.de\/wp-content\/uploads\/2019\/06\/FuchsStehen.jpg\" alt=\"\" width=\"177\" height=\"125\" \/><\/strong><\/p>\n<p><strong>Fuchs stehend<\/strong><\/p>\n<p style=\"text-align: right;\"><span style=\"color: #008000;\">\u00a0(60x40cm) 18<strong>,- Euro<\/strong><\/span><\/p>\n<p><strong><img loading=\"lazy\" decoding=\"async\" class=\"wp-image-543 alignnone\" src=\"http:\/\/www.sitkaschaft.de\/wp-content\/uploads\/2019\/06\/Ziege.jpg\" alt=\"\" width=\"180\" height=\"150\" \/><\/strong><\/p>\n<p><strong>Ziege<\/strong><\/p>\n<p style=\"text-align: right;\"><span style=\"color: #008000;\">(94x80cm) <strong>39,- Euro<\/strong><\/span><\/p>\n<p><strong><img loading=\"lazy\" decoding=\"async\" class=\"wp-image-533 alignnone\" src=\"http:\/\/www.sitkaschaft.de\/wp-content\/uploads\/2019\/06\/Dachs.jpg\" alt=\"\" width=\"186\" height=\"97\" \/><\/strong><\/p>\n<p><strong>Dachs<\/strong><\/p>\n<p style=\"text-align: right;\"><span style=\"color: #008000;\">(90 x 46cm) <strong>23,- Euro<\/strong><\/span><\/p>\n<p style=\"text-align: right;\"><span style=\"color: #008000;\"><strong>\u00a0<\/strong><\/span><\/p>\n<p><strong><img loading=\"lazy\" decoding=\"async\" class=\"size-full wp-image-530 alignnone\" src=\"http:\/\/www.sitkaschaft.de\/wp-content\/uploads\/2019\/06\/Wildschwein.jpg\" alt=\"\" width=\"185\" height=\"99\" \/><\/strong><\/p>\n<p><strong>Wildschwein<\/strong><\/p>\n<p style=\"text-align: right;\"><span style=\"color: #339966;\">(81 x 43cm) <strong>23,- Euro<\/strong><\/span><\/p>\n<p style=\"text-align: right;\"><span style=\"color: #ff0000;\">(104 x 57cm)<strong> 28,- Euro<\/strong><\/span><\/p>\n<p>\u00a0<\/p>\n<p style=\"text-align: right;\">\u00a0<\/p>\n<p><strong><img loading=\"lazy\" decoding=\"async\" class=\"wp-image-520 alignnone\" src=\"http:\/\/www.sitkaschaft.de\/wp-content\/uploads\/2019\/06\/Wurm.jpg\" alt=\"\" width=\"177\" height=\"134\" \/><\/strong><\/p>\n<p><strong>Wurm<\/strong><\/p>\n<p style=\"text-align: right;\"><span style=\"color: #008000;\">(45 x 35cm) <strong>11,- Euro<\/strong><\/span><\/p>\n<p style=\"text-align: right;\"><span style=\"color: #008000;\">(56 x 45cm) <strong>18,- Euro<\/strong><\/span><\/p>\n<p>\u00a0<\/p>\n<p style=\"text-align: right;\">\u00a0<\/p>\n<p><strong><img loading=\"lazy\" decoding=\"async\" class=\"wp-image-528 alignnone\" src=\"http:\/\/www.sitkaschaft.de\/wp-content\/uploads\/2019\/06\/Feldauflagen.jpg\" alt=\"\" width=\"180\" height=\"170\" \/><\/strong><\/p>\n<p><strong>Auflage Outdoor<\/strong><\/p>\n<p style=\"text-align: right;\"><span style=\"color: #008000;\">(Dreier) <strong>11,- Euro<\/strong><\/span><\/p>\n<p style=\"text-align: right;\"><span style=\"color: #008000;\">(40 x 40cm) <strong>11,- Euro<\/strong><\/span><\/p>\n<p style=\"text-align: right;\"><span style=\"color: #008000;\">(60 x 60cm) <strong>23,- Euro<\/strong><\/span><\/p>\n<p style=\"text-align: right;\"><span style=\"color: #008000;\">(80 x 80cm) <strong>39,- Euro<\/strong><\/span><\/p>\n<p><strong><img loading=\"lazy\" decoding=\"async\" class=\"wp-image-526 alignnone\" src=\"http:\/\/www.sitkaschaft.de\/wp-content\/uploads\/2019\/06\/AuflageIndoor2.jpg\" alt=\"\" width=\"182\" height=\"185\" \/><\/strong><\/p>\n<p><strong>Auflage Indoor<\/strong><\/p>\n<p style=\"text-align: right;\"><span style=\"color: #008000;\">(40 x 40 cm) <strong>11,- Euro<\/strong><\/span><\/p>\n<p style=\"text-align: right;\"><span style=\"color: #008000;\">(60 x60cm) <strong>23,- Euro<\/strong><\/span><\/p>\n<p><strong><img loading=\"lazy\" decoding=\"async\" class=\"wp-image-527 alignnone\" src=\"http:\/\/www.sitkaschaft.de\/wp-content\/uploads\/2019\/06\/AuflageIndoor.jpg\" alt=\"\" width=\"172\" height=\"179\" \/><\/strong><\/p>\n<p><strong>Auflage Indoor<\/strong><\/p>\n<p style=\"text-align: right;\"><span style=\"color: #008000;\">(Trippel) <strong>11,- Euro<\/strong><\/span><\/p>\n<p style=\"text-align: right;\"><span style=\"color: #008000;\">(Las Vegas)<strong> 11,- Euro<\/strong><\/span><\/p>\n<p><strong><img loading=\"lazy\" decoding=\"async\" class=\"wp-image-525 alignnone\" src=\"http:\/\/www.sitkaschaft.de\/wp-content\/uploads\/2019\/06\/Darts.jpg\" alt=\"\" width=\"187\" height=\"187\" srcset=\"http:\/\/www.sitkaschaft.de\/wp-content\/uploads\/2019\/06\/Darts.jpg 464w, http:\/\/www.sitkaschaft.de\/wp-content\/uploads\/2019\/06\/Darts-150x150.jpg 150w, http:\/\/www.sitkaschaft.de\/wp-content\/uploads\/2019\/06\/Darts-300x300.jpg 300w\" sizes=\"auto, (max-width: 187px) 100vw, 187px\" \/><\/strong><\/p>\n<p><strong>Dartscheibe<\/strong><\/p>\n<p style=\"text-align: right;\"><span style=\"color: #008000;\">(40 x 40cm) <strong>11,- Euro<\/strong><\/span><\/p>\n<p style=\"text-align: right;\"><span style=\"color: #008000;\">(60 x 60cm) <strong>23,- Euro<\/strong><\/span><\/p>\n\n\n<figure class=\"wp-block-image size-full\"><img loading=\"lazy\" decoding=\"async\" width=\"774\" height=\"763\" src=\"http:\/\/www.sitkaschaft.de\/wp-content\/uploads\/2022\/06\/Bogendart.jpg\" alt=\"\" class=\"wp-image-753\" srcset=\"http:\/\/www.sitkaschaft.de\/wp-content\/uploads\/2022\/06\/Bogendart.jpg 774w, http:\/\/www.sitkaschaft.de\/wp-content\/uploads\/2022\/06\/Bogendart-300x296.jpg 300w, http:\/\/www.sitkaschaft.de\/wp-content\/uploads\/2022\/06\/Bogendart-768x757.jpg 768w, http:\/\/www.sitkaschaft.de\/wp-content\/uploads\/2022\/06\/Bogendart-600x591.jpg 600w, http:\/\/www.sitkaschaft.de\/wp-content\/uploads\/2022\/06\/Bogendart-100x100.jpg 100w\" sizes=\"auto, (max-width: 774px) 100vw, 774px\" \/><figcaption class=\"wp-element-caption\">Bogendart                                                                                                     (40x40cm) 11,-Euro<br>                                                                                                                      (60x60cm) 23,- Euro<br> <\/figcaption><\/figure>\n","protected":false},"excerpt":{"rendered":"<p>Neu in unserem Angebot haben wir die wetterfesten Tierbilder von Italespanso. Die Bilder sind witterungs- und UV-stabil auf ein rei\u00dffestes Gewebe gedruckt und auf ein d\u00fcnnes neoprenartiges Untermaterial laminiert. Sie halten auch intensivem Beschuss lange stand und widerstehen den Witterungsbedingungen \u00fcber das ganze Jahr. Eine tolle Alternative zu teuren und diebstahlgef\u00e4hrdeten 3D-Tieren f\u00fcr den kleinen [&hellip;]<\/p>\n","protected":false},"author":1,"featured_media":0,"parent":44,"menu_order":0,"comment_status":"closed","ping_status":"closed","template":"","meta":{"footnotes":""},"class_list":["post-505","page","type-page","status-publish","hentry"],"_links":{"self":[{"href":"http:\/\/www.sitkaschaft.de\/index.php?rest_route=\/wp\/v2\/pages\/505","targetHints":{"allow":["GET"]}}],"collection":[{"href":"http:\/\/www.sitkaschaft.de\/index.php?rest_route=\/wp\/v2\/pages"}],"about":[{"href":"http:\/\/www.sitkaschaft.de\/index.php?rest_route=\/wp\/v2\/types\/page"}],"author":[{"embeddable":true,"href":"http:\/\/www.sitkaschaft.de\/index.php?rest_route=\/wp\/v2\/users\/1"}],"replies":[{"embeddable":true,"href":"http:\/\/www.sitkaschaft.de\/index.php?rest_route=%2Fwp%2Fv2%2Fcomments&post=505"}],"version-history":[{"count":27,"href":"http:\/\/www.sitkaschaft.de\/index.php?rest_route=\/wp\/v2\/pages\/505\/revisions"}],"predecessor-version":[{"id":801,"href":"http:\/\/www.sitkaschaft.de\/index.php?rest_route=\/wp\/v2\/pages\/505\/revisions\/801"}],"up":[{"embeddable":true,"href":"http:\/\/www.sitkaschaft.de\/index.php?rest_route=\/wp\/v2\/pages\/44"}],"wp:attachment":[{"href":"http:\/\/www.sitkaschaft.de\/index.php?rest_route=%2Fwp%2Fv2%2Fmedia&parent=505"}],"curies":[{"name":"wp","href":"https:\/\/api.w.org\/{rel}","templated":true}]}}