{"id":41,"date":"2016-07-25T15:07:44","date_gmt":"2016-07-25T13:07:44","guid":{"rendered":"http:\/\/www.sitkaschaft.de\/?page_id=41"},"modified":"2025-08-27T12:20:50","modified_gmt":"2025-08-27T10:20:50","slug":"kindergeburtstag","status":"publish","type":"page","link":"http:\/\/www.sitkaschaft.de\/?page_id=41","title":{"rendered":"Kindergeburtstag"},"content":{"rendered":"<p style=\"padding-left: 30px;\"><strong><img loading=\"lazy\" decoding=\"async\" class=\"alignleft size-full wp-image-580\" src=\"http:\/\/www.sitkaschaft.de\/wp-content\/uploads\/2019\/09\/DSC07036.jpg\" alt=\"\" width=\"5456\" height=\"3632\" srcset=\"http:\/\/www.sitkaschaft.de\/wp-content\/uploads\/2019\/09\/DSC07036.jpg 5456w, http:\/\/www.sitkaschaft.de\/wp-content\/uploads\/2019\/09\/DSC07036-300x200.jpg 300w, http:\/\/www.sitkaschaft.de\/wp-content\/uploads\/2019\/09\/DSC07036-768x511.jpg 768w, http:\/\/www.sitkaschaft.de\/wp-content\/uploads\/2019\/09\/DSC07036-1024x682.jpg 1024w\" sizes=\"auto, (max-width: 5456px) 100vw, 5456px\" \/><\/strong><\/p>\n<h3 style=\"padding-left: 30px;\"><\/h3>\n<h3 style=\"padding-left: 30px;\"><\/h3>\n<h3 style=\"padding-left: 30px;\">\u00a0<strong>Jagen wie Robin Hood<\/strong><\/h3>\n<p style=\"padding-left: 30px;\"><strong>\u00a0<\/strong><\/p>\n<p style=\"padding-left: 30px;\">Ihr wollt einen spannenden Kindergeburtstag hier in Werther feiern. Auf meinem gro\u00dfen Gartengrundst\u00fcck k\u00f6nnt ihr die ersten Versuche mit einem traditionellen Bogen unternehmen. Ich zeige euch die richtige Technik des traditionellen Bogenschie\u00dfens. Wir werden zun\u00e4chst auf \u00dcbungsscheiben schie\u00dfen, bis ihr gut und sicher mit Pfeil und\u00a0 Bogen umgehen k\u00f6nnt.<\/p>\n<p style=\"padding-left: 30px;\">Wenn ihr die Technik beherrscht, werden wir uns an die wilden Tiere (nat\u00fcrlich aus Plastik) anschleichen und sie erlegen, so wie Robin Hood es in den W\u00e4ldern des Sherwood Forrest tat.<\/p>\n<p style=\"padding-left: 30px;\">Damit es ein unvergesslicher Tag wird, bekommt jedes Kind im Anschluss ein kleines Andenken mit.<\/p>\n<p style=\"padding-left: 30px;\">Gerne k\u00f6nnt ihr euch etwas zu Essen und zu Trinken mitbringen, Biertischgarnituren stehen zur Verf\u00fcgung.<\/p>\n<p style=\"padding-left: 30px;\"><img loading=\"lazy\" decoding=\"async\" class=\" wp-image-330 alignleft\" src=\"http:\/\/www.sitkaschaft.de\/wp-content\/uploads\/2016\/07\/Kinder03.jpg\" alt=\"kinder03\" width=\"274\" height=\"206\" srcset=\"http:\/\/www.sitkaschaft.de\/wp-content\/uploads\/2016\/07\/Kinder03.jpg 800w, http:\/\/www.sitkaschaft.de\/wp-content\/uploads\/2016\/07\/Kinder03-300x225.jpg 300w, http:\/\/www.sitkaschaft.de\/wp-content\/uploads\/2016\/07\/Kinder03-768x576.jpg 768w\" sizes=\"auto, (max-width: 274px) 100vw, 274px\" \/><img loading=\"lazy\" decoding=\"async\" class=\"alignleft wp-image-331\" src=\"http:\/\/www.sitkaschaft.de\/wp-content\/uploads\/2016\/07\/Kinder04.jpg\" alt=\"kinder04\" width=\"275\" height=\"206\" srcset=\"http:\/\/www.sitkaschaft.de\/wp-content\/uploads\/2016\/07\/Kinder04.jpg 800w, http:\/\/www.sitkaschaft.de\/wp-content\/uploads\/2016\/07\/Kinder04-300x225.jpg 300w, http:\/\/www.sitkaschaft.de\/wp-content\/uploads\/2016\/07\/Kinder04-768x576.jpg 768w\" sizes=\"auto, (max-width: 275px) 100vw, 275px\" \/><\/p>\n<h5 style=\"padding-left: 30px;\"><\/h5>\n<h5 style=\"padding-left: 30px;\">\u00a0<strong>Kosten f\u00fcr die Veranstaltung:<\/strong><\/h5>\n<p style=\"padding-left: 30px;\">bis zu 10 Kindern ab 8 Jahren und zwei begleitenden Erwachsenen kosten\u00a0 2 Std 150,-Euro. Das Programm kann individuell erweitert werden &#8211; Preis nach Absprache.<\/p>\n<p style=\"padding-left: 30px;\">F\u00fcr jedes weitere Kind berechne ich einen Aufschlag von 15,- \u20ac.<\/p>\n<p style=\"padding-left: 30px;\">J\u00fcngere Kinder k\u00f6nnen auch gerne kommen, allerdings sollte die Gruppe nicht mehr als 6 Kinder betragen, da kleinere Kinder nicht so viel Geduld und Ausdauer haben wie gr\u00f6\u00dfere Kinder.<\/p>\n<p style=\"padding-left: 30px;\">Anfragen k\u00f6nnt ihr unter <a href=\"mailto:info@pfeil-undbogenwerkstatt.de\">info@pfeil-undbogenwerkstatt.de<\/a> stellen. Vorzugsweise sollten die Veranstaltungen unter der Woche Mo. &#8211; Fr. stattfinden, da ich an den Wochenenden selbst viel auf Bogenturnieren im gesamten Bundesgebiet unterwegs bin.<\/p>\n<p>\u00a0 \u00a0 \u00a0 F\u00fcr kaputte Pfeile wird ein Unkostenbeitrag von 5,00 Euro erhoben.<\/p>\n","protected":false},"excerpt":{"rendered":"<p>\u00a0Jagen wie Robin Hood \u00a0 Ihr wollt einen spannenden Kindergeburtstag hier in Werther feiern. Auf meinem gro\u00dfen Gartengrundst\u00fcck k\u00f6nnt ihr die ersten Versuche mit einem traditionellen Bogen unternehmen. Ich zeige euch die richtige Technik des traditionellen Bogenschie\u00dfens. Wir werden zun\u00e4chst auf \u00dcbungsscheiben schie\u00dfen, bis ihr gut und sicher mit Pfeil und\u00a0 Bogen umgehen k\u00f6nnt. Wenn [&hellip;]<\/p>\n","protected":false},"author":1,"featured_media":0,"parent":162,"menu_order":0,"comment_status":"closed","ping_status":"closed","template":"","meta":{"footnotes":""},"class_list":["post-41","page","type-page","status-publish","hentry"],"_links":{"self":[{"href":"http:\/\/www.sitkaschaft.de\/index.php?rest_route=\/wp\/v2\/pages\/41","targetHints":{"allow":["GET"]}}],"collection":[{"href":"http:\/\/www.sitkaschaft.de\/index.php?rest_route=\/wp\/v2\/pages"}],"about":[{"href":"http:\/\/www.sitkaschaft.de\/index.php?rest_route=\/wp\/v2\/types\/page"}],"author":[{"embeddable":true,"href":"http:\/\/www.sitkaschaft.de\/index.php?rest_route=\/wp\/v2\/users\/1"}],"replies":[{"embeddable":true,"href":"http:\/\/www.sitkaschaft.de\/index.php?rest_route=%2Fwp%2Fv2%2Fcomments&post=41"}],"version-history":[{"count":30,"href":"http:\/\/www.sitkaschaft.de\/index.php?rest_route=\/wp\/v2\/pages\/41\/revisions"}],"predecessor-version":[{"id":842,"href":"http:\/\/www.sitkaschaft.de\/index.php?rest_route=\/wp\/v2\/pages\/41\/revisions\/842"}],"up":[{"embeddable":true,"href":"http:\/\/www.sitkaschaft.de\/index.php?rest_route=\/wp\/v2\/pages\/162"}],"wp:attachment":[{"href":"http:\/\/www.sitkaschaft.de\/index.php?rest_route=%2Fwp%2Fv2%2Fmedia&parent=41"}],"curies":[{"name":"wp","href":"https:\/\/api.w.org\/{rel}","templated":true}]}}