{"id":30,"date":"2016-07-25T14:50:50","date_gmt":"2016-07-25T12:50:50","guid":{"rendered":"http:\/\/www.sitkaschaft.de\/?page_id=30"},"modified":"2026-03-26T14:39:47","modified_gmt":"2026-03-26T13:39:47","slug":"home","status":"publish","type":"page","link":"http:\/\/www.sitkaschaft.de\/","title":{"rendered":"Home"},"content":{"rendered":"<h3 style=\"text-align: center;\"><\/h3>\n<h3 style=\"text-align: center; padding-left: 30px;\"><\/h3>\n<h3 style=\"padding-left: 30px; text-align: center;\"><strong><img loading=\"lazy\" decoding=\"async\" class=\"wp-image-348 aligncenter\" src=\"http:\/\/www.sitkaschaft.de\/wp-content\/uploads\/2016\/07\/schaefteWissen.jpg\" alt=\"schaeftewissen\" width=\"900\" height=\"492\" srcset=\"http:\/\/www.sitkaschaft.de\/wp-content\/uploads\/2016\/07\/schaefteWissen.jpg 800w, http:\/\/www.sitkaschaft.de\/wp-content\/uploads\/2016\/07\/schaefteWissen-300x164.jpg 300w, http:\/\/www.sitkaschaft.de\/wp-content\/uploads\/2016\/07\/schaefteWissen-768x420.jpg 768w\" sizes=\"auto, (max-width: 900px) 100vw, 900px\" \/>Herzlich Willkommen<\/strong><\/h3>\n<h3 style=\"text-align: center; padding-left: 30px;\"><strong>bei Sitkaschaft.de und der Pfeil- und Bogenwerkstatt Doris M\u00fcnter<\/strong><\/h3>\n<p style=\"text-align: center;\"><span style=\"color: #ff0000;\">Ostern k\u00f6nnt ihr meine Sch\u00e4fte und wetterfeste Tierbilder am Archers-Lake direkt kaufen.<\/span><\/p>\n<p style=\"text-align: center;\"><span style=\"color: #ff0000;\">Am 26.4.2026 bin ich in Coppenbr\u00fcgge mit meinem Verkaufsstand, zeitgleich wird es auch in Volkmarshausen bei der TBVD- Jagd die M\u00f6glichkeit geben, meine Sch\u00e4fte zu erwerben.<\/span><\/p>\n<p style=\"text-align: center;\"><span style=\"font-size: revert; color: initial;\">Ich stelle hochwertige Pfeilsch\u00e4fte aus Sitkafichte her, die ihr zusammen mit anderem Basiszubeh\u00f6r im Shop bestellen k\u00f6nnt.<\/span><\/p>\n<p style=\"padding-left: 30px;\">Zudem f\u00fchre ich Bogensportveranstaltungen f\u00fcr Familien, Firmen, Kindergeburtstage usw. durch.<br \/>\nMeine langj\u00e4hrige Erfahrung im Bogensport flie\u00dft in diese Arbeit ein.<br \/>\nNehmt gerne Kontakt mit mir auf. Entweder per Email (<a href=\"mailto:info@sitkaschaft.de\">info@sitkaschaft.de<\/a>) oder telefonisch (05203 902933).<\/p>\n<p style=\"padding-left: 30px;\">Doris M\u00fcnter<\/p>\n<p><img loading=\"lazy\" decoding=\"async\" class=\"alignright wp-image-70\" src=\"http:\/\/www.sitkaschaft.de\/wp-content\/uploads\/2016\/07\/M\u00fcnter_23-1.jpg\" alt=\"Doris M\u00fcnter\" width=\"196\" height=\"294\" srcset=\"http:\/\/www.sitkaschaft.de\/wp-content\/uploads\/2016\/07\/M\u00fcnter_23-1.jpg 533w, http:\/\/www.sitkaschaft.de\/wp-content\/uploads\/2016\/07\/M\u00fcnter_23-1-200x300.jpg 200w\" sizes=\"auto, (max-width: 196px) 100vw, 196px\" \/><\/p>\n<p style=\"text-align: left; padding-left: 30px;\">Deutsche Meisterin DFBV (Primitivbogen): Bowhunter 2012, 2013, 2014, 2017, 2018 und 2021<br \/>\nDeutsche Meisterin DFBV (Primitivbogen): Feld und Jagd 2012<br \/>\nDeutsche Meisterin DBSV (Holzbogen): 3D-Jagd 2014<br \/>\nDeutsche Meisterin TBVD (Selfbogen): 3D-Sport 2016, 2017, 2018, 2019, 2021 und 2025, 3D-Jagd 2017, 2018, 2019, 2021 und 2022<br \/>\nVize Europameisterin IFAA (Historical bow):\u00a0 2010 und 2018<br \/>\n3. Platz Europameisterschaft IFAA (Historical bow) 2014<\/p>\n<p>\u00a0\u00a0\u00a0\u00a0\u00a0\u00a0\u00a0\u00a0 Ausbildung zur Bogensportleiterin und\u00a0 Bogentrainerin beim DFBV<\/p>\n","protected":false},"excerpt":{"rendered":"<p>Herzlich Willkommen bei Sitkaschaft.de und der Pfeil- und Bogenwerkstatt Doris M\u00fcnter Ostern k\u00f6nnt ihr meine Sch\u00e4fte und wetterfeste Tierbilder am Archers-Lake direkt kaufen. Am 26.4.2026 bin ich in Coppenbr\u00fcgge mit meinem Verkaufsstand, zeitgleich wird es auch in Volkmarshausen bei der TBVD- Jagd die M\u00f6glichkeit geben, meine Sch\u00e4fte zu erwerben. Ich stelle hochwertige Pfeilsch\u00e4fte aus Sitkafichte [&hellip;]<\/p>\n","protected":false},"author":1,"featured_media":0,"parent":0,"menu_order":1,"comment_status":"closed","ping_status":"closed","template":"","meta":{"footnotes":""},"class_list":["post-30","page","type-page","status-publish","hentry"],"_links":{"self":[{"href":"http:\/\/www.sitkaschaft.de\/index.php?rest_route=\/wp\/v2\/pages\/30","targetHints":{"allow":["GET"]}}],"collection":[{"href":"http:\/\/www.sitkaschaft.de\/index.php?rest_route=\/wp\/v2\/pages"}],"about":[{"href":"http:\/\/www.sitkaschaft.de\/index.php?rest_route=\/wp\/v2\/types\/page"}],"author":[{"embeddable":true,"href":"http:\/\/www.sitkaschaft.de\/index.php?rest_route=\/wp\/v2\/users\/1"}],"replies":[{"embeddable":true,"href":"http:\/\/www.sitkaschaft.de\/index.php?rest_route=%2Fwp%2Fv2%2Fcomments&post=30"}],"version-history":[{"count":88,"href":"http:\/\/www.sitkaschaft.de\/index.php?rest_route=\/wp\/v2\/pages\/30\/revisions"}],"predecessor-version":[{"id":860,"href":"http:\/\/www.sitkaschaft.de\/index.php?rest_route=\/wp\/v2\/pages\/30\/revisions\/860"}],"wp:attachment":[{"href":"http:\/\/www.sitkaschaft.de\/index.php?rest_route=%2Fwp%2Fv2%2Fmedia&parent=30"}],"curies":[{"name":"wp","href":"https:\/\/api.w.org\/{rel}","templated":true}]}}