{"id":27,"date":"2016-07-25T14:38:38","date_gmt":"2016-07-25T12:38:38","guid":{"rendered":"http:\/\/www.sitkaschaft.de\/?page_id=27"},"modified":"2019-09-23T19:43:42","modified_gmt":"2019-09-23T17:43:42","slug":"firmenevents","status":"publish","type":"page","link":"http:\/\/www.sitkaschaft.de\/?page_id=27","title":{"rendered":"Firmenevent"},"content":{"rendered":"<h2 style=\"text-align: center;\"><strong>Traditionelles Bogenschie\u00dfen \u2013<\/strong><\/h2>\n<h2 style=\"text-align: center;\"><strong> das Highlight einer guten Veranstaltung<\/strong><\/h2>\n<p><img loading=\"lazy\" decoding=\"async\" class=\"alignleft  wp-image-578\" src=\"http:\/\/www.sitkaschaft.de\/wp-content\/uploads\/2019\/09\/DSC06896.jpg\" alt=\"\" width=\"447\" height=\"671\" srcset=\"http:\/\/www.sitkaschaft.de\/wp-content\/uploads\/2019\/09\/DSC06896.jpg 3632w, http:\/\/www.sitkaschaft.de\/wp-content\/uploads\/2019\/09\/DSC06896-200x300.jpg 200w, http:\/\/www.sitkaschaft.de\/wp-content\/uploads\/2019\/09\/DSC06896-768x1154.jpg 768w, http:\/\/www.sitkaschaft.de\/wp-content\/uploads\/2019\/09\/DSC06896-682x1024.jpg 682w\" sizes=\"auto, (max-width: 447px) 100vw, 447px\" \/><\/p>\n<p style=\"padding-left: 30px;\">Wer wollte nicht schon immer mal mit dem traditionellen Bogen schie\u00dfen?<\/p>\n<p style=\"padding-left: 30px;\">Ihr plant ein Firmenevent oder eine Familienfeier und wollt etwas Besonderes?<\/p>\n<p style=\"padding-left: 30px;\">Ich mache euer Event zu etwas Einzigartigen.<\/p>\n<p style=\"padding-left: 30px;\">Auf den Spuren Robin Hoods f\u00fchre ich Euch von der Steinzeit bis in die Welt des modernen Bogensports.<\/p>\n<p style=\"padding-left: 30px;\">Bei geeignetem Gel\u00e4nde komme ich auch gerne zu Ihnen.<\/p>\n<p style=\"padding-left: 30px;\">Folgende Leistungen biete ich an:<\/p>\n<ul>\n<li>Anreise und Aufbau der Bogenschie\u00dfeinrichtung und eines kleinen 3D-Parcour.<\/li>\n<li>Begr\u00fc\u00dfung und Einf\u00fchrung ins traditionelle Bogenschie\u00dfen mit Erl\u00e4uterungen zu den verschiedenen Bogentypen<\/li>\n<li>Kleiner geschichtlicher Abriss \u00fcber die Geschichte des Bogenschie\u00dfens<\/li>\n<li>Praktische Unterweisung zum Erlernen des Bogenschie\u00dfens mit dem Langbogen oder Recurvebogen. Danach kann jeder Sch\u00fctze sich im freien Training unter meiner Anweisung und unter meinem geschulten Auge mit dem Bogen vertraut machen.<\/li>\n<li>Kleines Turnier auf dem 3D-Parcour mit anschlie\u00dfender Siegerehrung<\/li>\n<li>Das Programm kann auf Wunsch gerne noch erweitert werden.<\/li>\n<\/ul>\n<p>&nbsp;<\/p>\n<p><img loading=\"lazy\" decoding=\"async\" class=\"alignleft size-full wp-image-577\" src=\"http:\/\/www.sitkaschaft.de\/wp-content\/uploads\/2019\/09\/DSC06932.jpg\" alt=\"\" width=\"5456\" height=\"3632\" srcset=\"http:\/\/www.sitkaschaft.de\/wp-content\/uploads\/2019\/09\/DSC06932.jpg 5456w, http:\/\/www.sitkaschaft.de\/wp-content\/uploads\/2019\/09\/DSC06932-300x200.jpg 300w, http:\/\/www.sitkaschaft.de\/wp-content\/uploads\/2019\/09\/DSC06932-768x511.jpg 768w, http:\/\/www.sitkaschaft.de\/wp-content\/uploads\/2019\/09\/DSC06932-1024x682.jpg 1024w\" sizes=\"auto, (max-width: 5456px) 100vw, 5456px\" \/><\/p>\n<p style=\"padding-left: 30px;\">Die Kosten w\u00fcrde ich mit Ihnen individuell besprechen, je nach Aufwand und Anreise.<\/p>\n<p style=\"padding-left: 30px;\">\n","protected":false},"excerpt":{"rendered":"<p>Traditionelles Bogenschie\u00dfen \u2013 das Highlight einer guten Veranstaltung Wer wollte nicht schon immer mal mit dem traditionellen Bogen schie\u00dfen? Ihr plant ein Firmenevent oder eine Familienfeier und wollt etwas Besonderes? Ich mache euer Event zu etwas Einzigartigen. Auf den Spuren Robin Hoods f\u00fchre ich Euch von der Steinzeit bis in die Welt des modernen Bogensports. [&hellip;]<\/p>\n","protected":false},"author":1,"featured_media":0,"parent":162,"menu_order":0,"comment_status":"closed","ping_status":"closed","template":"","meta":{"footnotes":""},"class_list":["post-27","page","type-page","status-publish","hentry"],"_links":{"self":[{"href":"http:\/\/www.sitkaschaft.de\/index.php?rest_route=\/wp\/v2\/pages\/27","targetHints":{"allow":["GET"]}}],"collection":[{"href":"http:\/\/www.sitkaschaft.de\/index.php?rest_route=\/wp\/v2\/pages"}],"about":[{"href":"http:\/\/www.sitkaschaft.de\/index.php?rest_route=\/wp\/v2\/types\/page"}],"author":[{"embeddable":true,"href":"http:\/\/www.sitkaschaft.de\/index.php?rest_route=\/wp\/v2\/users\/1"}],"replies":[{"embeddable":true,"href":"http:\/\/www.sitkaschaft.de\/index.php?rest_route=%2Fwp%2Fv2%2Fcomments&post=27"}],"version-history":[{"count":8,"href":"http:\/\/www.sitkaschaft.de\/index.php?rest_route=\/wp\/v2\/pages\/27\/revisions"}],"predecessor-version":[{"id":595,"href":"http:\/\/www.sitkaschaft.de\/index.php?rest_route=\/wp\/v2\/pages\/27\/revisions\/595"}],"up":[{"embeddable":true,"href":"http:\/\/www.sitkaschaft.de\/index.php?rest_route=\/wp\/v2\/pages\/162"}],"wp:attachment":[{"href":"http:\/\/www.sitkaschaft.de\/index.php?rest_route=%2Fwp%2Fv2%2Fmedia&parent=27"}],"curies":[{"name":"wp","href":"https:\/\/api.w.org\/{rel}","templated":true}]}}