{"id":24,"date":"2016-07-25T14:35:35","date_gmt":"2016-07-25T12:35:35","guid":{"rendered":"http:\/\/www.sitkaschaft.de\/?page_id=24"},"modified":"2026-03-26T10:31:30","modified_gmt":"2026-03-26T09:31:30","slug":"agbs","status":"publish","type":"page","link":"http:\/\/www.sitkaschaft.de\/?page_id=24","title":{"rendered":"AGB"},"content":{"rendered":"<p style=\"padding-left: 30px;\"><strong>Allgemeine Gesch\u00e4ftsbedingungen<\/strong><\/p>\n<p style=\"padding-left: 30px;\"><strong>und Widerrufsrecht<\/strong><\/p>\n<p style=\"padding-left: 30px;\">Allgemeine Gesch\u00e4ftsbedingungen der Firma Doris M\u00fcnter, Pfeil- und Bogenwerkstatt \u2013 Stand 20.6.2016<\/p>\n<ul>\n<li><strong> 1 Allgemeines \u2013 Geltungsbereich<\/strong><\/li>\n<\/ul>\n<ol>\n<li>Allen Gesch\u00e4ftsbeziehungen zwischen Doris M\u00fcnter, Pfeil- und Bogenwerkstatt (nachfolgend Verk\u00e4ufer) und unseren Kunden (nachfolgend K\u00e4ufer) liegen unsere Gesch\u00e4fts- und Lieferbedingungen zu Grunde, die vom K\u00e4ufer mit der Bestellung anerkannt werden. Ma\u00dfgeblich ist jeweils die zum Zeitpunkt des Vertragsabschlusses g\u00fcltige Fassung.<\/li>\n<li>Verbraucher im Sinne dieser Gesch\u00e4ftsbedingungen sind nat\u00fcrliche Personen, mit denen in Gesch\u00e4ftsbeziehung getreten wird, ohne dass diesen eine gewerbliche oder selbstst\u00e4ndige berufliche T\u00e4tigkeit zugerechnet werden kann. Unternehmer sind nat\u00fcrliche oder juristische Personen oder rechtsf\u00e4hige Personengesellschaften, mit denen in Gesch\u00e4ftsbeziehung getreten wird und in Aus\u00fcbung ihrer gewerblichen oder selbstst\u00e4ndigen beruflichen T\u00e4tigkeit handeln. Kunde im Sinne dieser Gesch\u00e4ftsbedingungen sind Verbraucher. F\u00fcr Unternehmer gelten besondere Bedingungen.<\/li>\n<li>Abweichende, entgegenstehende oder erg\u00e4nzende Allgemeine Gesch\u00e4ftsbedingungen werden, selbst bei Kenntnis, nicht Vertragsbestandteil. Soweit nicht anders vereinbart, wird der Einbeziehung von eigenen Bedingungen des Kunden widersprochen.<\/li>\n<li>Vertragssprache ist deutsch. Der Vertragstext wird beim Anbieter gespeichert. Die Speicherung ist jedoch nur befristet, der Kunde hat deshalb selbst f\u00fcr einen Ausdruck oder eine gesonderte Speicherung zu sorgen.<\/li>\n<\/ol>\n<ul>\n<li><strong> 2 Vertragsschluss<\/strong><\/li>\n<\/ul>\n<ol>\n<li>Die Konditionen f\u00fcr unsere Waren sind freibleibend und unverbindlich. Unsere Darstellung von Waren (im Internet, Flyer, Werbeannoncen usw.) stellt kein Angebot dar, sondern eine unverbindliche Aufforderung an den Kunden zu bestellen. Technische, sowie sonstige \u00c4nderungen in Form, Farbe oder Gewicht bleiben im Rahmen des Zumutbaren vorbehalten. Holz und Federn sind Naturprodukte, ihre naturgegebenen Eigenschaften, Abweichungen und Merkmale sind daher stets zu beachten.<\/li>\n<li>Alle Angebote im Online-Shop Pfeil- und Bogenwerkstatt und auf unserer Homepage, sowie weiteren Medien wie Flyern, Werbeannoncen usw. sind freibleibend und unverbindlich. Durch die Pr\u00e4sentation der angebotenen Waren wird kein Angebot zum Abschluss eines Kaufvertrages abgegeben.<\/li>\n<li>Beim <strong>Kauf von Waren \u00fcber Internet oder Telefon<\/strong> gilt: Nach nach Bestellung oder Anfrage des Kunden wird durch uns ein f\u00fcr 14 Tage verbindliches Angebot erstellt und schriftlich oder per Email an den Kunden versand. Der Kaufvertrag kommt zustande, sobald der Kunde den im Angebot benannten Betrag ohne Abzug und vollst\u00e4ndig auf unser Gesch\u00e4ftskonto \u00fcberwiesen hat und das Geld auf unserem Konto gut geschrieben wurde.<\/li>\n<li>Bei <strong>Kauf von Dienstleistungen <\/strong>gilt: Nach Bestellung oder Anfrage des Kunden wird durch uns ein Angebot erstellt und schriftlich oder per Email an den Kunden versand. Der Kaufvertrag kommt zustande, wenn der Kunde das Angebot best\u00e4tigt und von uns eine verbindliche schriftliche Zusage erhalten hat. Der Rechnungsbetrag laut Angebot wird erst nach erbrachter Leistung f\u00e4llig und muss sp\u00e4testens nach 14 Tagen auf unserem Konto gutgeschrieben sein. Bei kurzfristiger Absage durch den Kunde behalten wir uns eine Aufwandsentsch\u00e4digung bis zu 30% des Angebotsbetrages vor.<\/li>\n<li>Beim <strong>direkten Kauf von Waren<\/strong> gilt: Der Kaufvertrag kommt durch \u00dcbergabe der Waren an Kunden und die direkte Bezahlung des Kunden in bar zustande.\u00a0 In Ausnahmef\u00e4lle kann nach Absprache auch eine Bezahlung per schriftlicher Rechnung vereinbart werden.<\/li>\n<li>Wir sind berechtigt, die Annahme der Bestellung (z.B. nach Pr\u00fcfung der Bonit\u00e4t des Kunden, etc.) abzulehnen.<\/li>\n<li>Der Vertragsabschluss erfolgt unter dem Vorbehalt, im Falle ausbleibender, teilweiser, nicht richtiger oder nicht ordnungsgem\u00e4\u00dfer Selbstbelieferung, ebenfalls nicht oder nur teilweise zu liefern. Dies gilt nur f\u00fcr den Fall, dass die Nichtlieferung nicht von uns zu vertreten ist. Im Falle der Nichtverf\u00fcgbarkeit der Ware wird der Kunde informiert. Bei Teillieferungen aufgrund Nichtverf\u00fcgbarkeit der sonstigen Ware bleiben alle diesbez\u00fcglichen gesetzlichen Rechte des Kunden wie z.B. R\u00fccktritt oder Widerruf unber\u00fchrt. Kann eine Belieferung nicht erfolgen, wird insoweit die Gegenleistung unverz\u00fcglich zur\u00fcckerstattet.<\/li>\n<\/ol>\n<ul>\n<li><strong> 3 Lieferung<\/strong><\/li>\n<\/ul>\n<ol>\n<li>Die Lieferung erfolgt innerhalb von 14 Tagen. Die Frist f\u00fcr die Lieferung beginnt bei Zahlung per Vorkasse am Tag nach Erteilung des Zahlungsauftrags an das \u00fcberweisende Kreditinstitut. F\u00e4llt der letzte Tag der Frist auf einen Samstag, Sonntag oder einen am Lieferort staatlich anerkannten allgemeinen Feiertag, so tritt an die Stelle eines solchen Tages der n\u00e4chste Werktag. Geraten wir in Lieferverzug und setzt uns der Kunde eine Nachfrist, betr\u00e4gt diese mindestens 2 Wochen<\/li>\n<li>Teillieferungen sind zul\u00e4ssig, soweit sie dem Kunden zumutbar sind.<\/li>\n<li>Uns steht ohne ausdr\u00fcckliche Weisung des K\u00e4ufers frei, die Versandart, die mit dem Versand beauftragte Firma und den Versandweg nach billigem Ermessen zu bestimmen. Die Lieferung paketversandfertiger Erfolgt frei Bordsteinkante. Ist die Ware nicht paketversandf\u00e4hig, erfolgt die Lieferung frei Versendungsstelle.<\/li>\n<li>Sofern der Kunde Unternehmer ist, geht die Preisgefahr auf den Kunden \u00fcber, sobald die Ware von uns an den beauftragten Logistikpartner \u00fcbergeben wird.<\/li>\n<li>Wir behalten uns vor, an Endkunden stets nur handels\u00fcbliche Mengen abzugeben.<\/li>\n<li>Wir behalten uns ausdr\u00fccklich das Recht vor, vom Vertrag zur\u00fcckzutreten, falls wir ohne eigenes Verschulden auf absehbarer Zeit zur Lieferung der bestellten Ware nicht in der Lage sein sollten, da der Lieferant seinen vertraglichen Verpflichtungen nicht nachkommt. In einem solchen Fall werden wir den Kunden unverz\u00fcglich \u00fcber die Nichtlieferbarkeit der Ware informieren und eventuell bereits geleistete Zahlungen unverz\u00fcglich an den Kunden erstatten.<\/li>\n<li>Wir behalten uns ausdr\u00fccklich das Recht vor, vom Vertrag zur\u00fcckzutreten, falls wir ohne eigenes Verschulden durch h\u00f6here Gewalt nicht in der Lage sind bestellte Dienstleistungen zu erf\u00fcllen.<\/li>\n<li>Die Kosten des Versandes sind grunds\u00e4tzlich vom K\u00e4ufer zu entrichten. Dies gilt auch bei durch den Verk\u00e4ufer akzeptierten R\u00fccksendungen, welche keine Reklamation sind. Es werden keine g\u00fcnstigeren Versandarten akzeptiert. Der Versand erfolgt grunds\u00e4tzlich nur innerhalb von Deutschland, der Versand ins Ausland ist nur bei vorheriger Absprache m\u00f6glich, die entstehenden Kosten werden in der Rechnung schriftlich mitgeteilt. Die Kosten innerhalb Deutschland sind in der Regel: 8,50 \u20ac und Bogenversand bis 198cm 30,00 \u20ac. In den Preisen ist die Verpackung enthalten, weitere Preise oder hiervon abweichende Preise teilen wir dem K\u00e4ufer mit.<\/li>\n<li>Der K\u00e4ufer willigt mit einem Vertragsabschluss ein, das seine Emailadresse an das Versandunternehmen weitergeleitet wird, um eine Sendungsverfolgung m\u00f6glich zu machen.<\/li>\n<\/ol>\n<ul>\n<li><strong> 4 Eigentumsvorbehalt<\/strong><\/li>\n<\/ul>\n<ol>\n<li>Bei Verbrauchern behalten wir uns das Eigentum an der Ware bis zur vollst\u00e4ndigen Zahlung des Kaufpreises vor. Bei Unternehmern behalten wir uns das Eigentum an der Ware bis zur vollst\u00e4ngigen Begleichung aller Forderungen aus einer laufenden Gesch\u00e4ftsbeziehung vor. Wenn der Wert der Vorbehaltsware die zu sichernden Forderungen aus der laufenden Gesch\u00e4ftsbezeihung um 25% \u00fcbersteigt, sind wir im Rahmen der \u00dcbersicherung zur Freigabe der Vorbehaltsware auf Verlangen des Unternehmers verpflichtet.<\/li>\n<li>Der Kunde ist verpflichtet, die Ware w\u00e4hrend des Bestehens des Eigentumsvorbehalts pfleglich zu behandeln. Sofern Wartungs- und Inspektionsarbeiten erforderlich sind, hat der Kunde diese auf eigene Kosten regelm\u00e4\u00dfig durchzuf\u00fchren. Der Kunde hat uns unverz\u00fcglich schriftlich zu unterreichten von allen Zugriffen Dritter auf die Ware, insbesondere Zwangsvollstreckungsma\u00dfnahmen, sowie von etwaigen Besch\u00e4digungen oder der Vernichtung der Ware. Einen Besitzwechsel der Ware, sowie den eigenen Anschriftenwechsel hat uns der Kunde unverz\u00fcglich anzuzeigen. Der Kunde hat uns alle Sch\u00e4den und Kosten zu ersetzen, die durch einen Versto\u00df gegen diese Verpflichtungen und durch erforderliche Interventions-Ma\u00dfnahmen gegen Zugriffe Dritter auf die Ware entstehen.<\/li>\n<li>Wir sind berechtigt, bei vertragswidrigem Verhalten des Kunden, insbesondere bei Zahlungsverzug, vom Vertag zur\u00fcckzutreten und die Ware heraus zu verlangen. Daneben sind wir berechtigt, bei Verletzung einer Pflicht vom Vertrag zur\u00fcckzutreten und die Ware heraus zu verlangen, wenn uns ein Festhalten am Vertrag nicht mehr zuzumuten ist.<\/li>\n<li>Der Unternehmer ist berechtigt, die Ware im ordentlichen Gesch\u00e4ftsgang weiter zu ver\u00e4u\u00dfern. Er tritt uns bereits alle Forderungen in H\u00f6he des Rechnungsbetrages ab, die ihm durch die Weiterver\u00e4u\u00dferung gegen einen Dritten erwachsen. Wir nehmen die Abtretung an. Nach der Abtretung ist der Unternehmer zur Einziehung der Forderung erm\u00e4chtigt. Wir behalten uns vor, die Forderung selbst einzuziehen, sobald der Unternehmer seinen Zahlungsverpflichtungen nicht ordnungsgem\u00e4\u00df nachkommt und in Zahlungsverzug ger\u00e4t. Die Be- und Verarbeitung der Ware durch den Unternehmer erfolgt stets im Namen und im Auftrag von uns. Erfolgt eine Verarbeitung der Ware, so erwerben wir an der neuen Sache das Miteigentum im Verh\u00e4ltnis zum Wert der von uns gelieferten Ware. Dasselbe gilt, wenn die Ware mit anderen, uns nicht geh\u00f6renden Gegenst\u00e4nden verarbeitet oder vermischt wird.<\/li>\n<\/ol>\n<ul>\n<li><strong> 5 Widerrufsrecht<\/strong><\/li>\n<\/ul>\n<p style=\"padding-left: 30px;\"><strong>Widerrufsbelehrung<\/strong><\/p>\n<p style=\"padding-left: 30px;\">Wenn Sie Unternehmer im Sinne des \u00a7 14 BGB sind besteht das Widerrufsrecht nicht. F\u00fcr Verbraucher (Jede nat\u00fcrliche Person die ein Rechtsgesch\u00e4ft zu Zwecken abschlie\u00dft, die \u00fcberwiegend weder ihrer gewerblichen\u00a0 noch ihrer selbstst\u00e4ndigen beruflichen T\u00e4tigkeit zugerechnet werden k\u00f6nnen) gilt:<\/p>\n<p style=\"padding-left: 30px;\"><strong>Widerrufsrecht<\/strong><\/p>\n<p style=\"padding-left: 30px;\">Sie haben das Recht, binnen vierzehn Tagen ohne Angabe von Gr\u00fcnden diesen Vertrag zu widerrufen. Die Widerrufsfrist betr\u00e4gt vierzehn Tage ab dem Tag, an dem Sie oder ein von Ihnen benannter Dritter, der nicht der Bef\u00f6rderer ist, die Ware in Besitz genommen haben bzw. hat.<\/p>\n<p style=\"padding-left: 30px;\">Um ihr Widerrufsrecht auszu\u00fcben, m\u00fcssen Sie uns Pfeil- und Bogenwerkstatt, Doris M\u00fcnter, Haller Str. 65, 33824 Werther, Email: <strong><a href=\"mailto:info@sitkaschaft.de\">info@sitkaschaft.de<\/a><\/strong>, mittels einer eindeutigen Erkl\u00e4rung (z.B. ein mit der Post versandter Brief oder Email) \u00fcber Ihren Entschluss, diesen Vertrag zu widerrufen, informieren. Sie k\u00f6nnen daf\u00fcr das beigef\u00fcgte Muster-Widerrufsformular (<span style=\"color: #008000;\"><a style=\"color: #008000;\" href=\"http:\/\/www.sitkaschaft.de\/wp-content\/uploads\/2016\/10\/IMG_20161023_0001.pdf\">Muster-Widerrufsformular als pdf<\/a><\/span>) verwenden, das jedoch nicht vorgeschrieben ist. Zur Wahrung der Widerrufsfrist reicht es aus, dass Sie die Mitteilung \u00fcber die Aus\u00fcbung des Widerrufsrechts vor Ablauf der Widerrufsfrist absenden.<\/p>\n<p style=\"padding-left: 30px;\"><strong>Folgen des Widerrufs<\/strong><\/p>\n<p style=\"padding-left: 30px;\">Wenn Sie diesen Vertrag widerrufen, haben wir Ihnen alle Zahlungen, die wir von Ihnen erhalten haben, einschlie\u00dflich der Lieferkosten (mit Ausnahmen der zus\u00e4tzlichen Kosten, die sich dasraus ergeben, dass Sie eine andere Art der Lieferung als die von uns angebotene, g\u00fcnstigste Standartlieferung gew\u00e4hlt haben), unverz\u00fcglich und sp\u00e4testens binnen vierzehn Tagen ab dem Tag zur\u00fcckzuzahlen, an dem die Mitteilung \u00fcber Ihren Widerruf dieses Vertrags bei uns eingegangen ist. F\u00fcr diese R\u00fcckzahlung verwenden wir dasselbe Zahlungsmittel, das Sie bei der urspr\u00fcnglichen Transaktion eingesetzt haben, es sei denn, mit Ihnen wurde ausdr\u00fccklich etwas anderes vereinbart; in keinem Fall werden Ihnen wegen dieser R\u00fcckzahlung Entgelte berechnet. Wir k\u00f6nnen die R\u00fcckzahlung verweigern, bis wir die Waren wieder zur\u00fcckerhalten haben oder Sie den Nachweis erbracht haben, dass Sie die Waren zur\u00fcckgesandt haben, je nachdem, welches der fr\u00fchere Zeitpunkt ist. Sie haben die Waren unverz\u00fcglich und in jedem Fall sp\u00e4testens binnen vierzehn Tagen ab dem Tag, an dem Sie uns \u00fcber den Widerruf dieses Vertrags unterichten, an uns zur\u00fcckzusenden oder zu \u00fcbergeben. Die Frist ist gewahrt, wenn Sie die Waren vor Ablauf der Frist von vierzehn Tagen absenden. Sie tragen die unmittelbaren Kosten der R\u00fccksendung der Waren. Sie m\u00fcssen f\u00fcr einen etwaigen Wertverlust der Waren nur aufkommen, wenn dieser Wertverlust auf einen zur Pr\u00fcfung der Beschaffenheit, Eigenschaften und Funktionsweise der Waren nicht notwendigen Umgang mit Ihnen zur\u00fcckzf\u00fchren ist.<\/p>\n<p style=\"padding-left: 30px;\"><strong>Ende des Widerrufsrechts<\/strong><\/p>\n<p style=\"padding-left: 30px;\">Das Widerrufsrecht besteht nicht bei Fernabsatzvertr\u00e4gen zur Lieferung von Waren, die nicht vorgefertigt sind und f\u00fcr deren Herstellung eine individuelle Auswahl oder Bestimmung durch den Verbraucher ma\u00dfgeblich ist oder die eindeutig auf die pers\u00f6nlichen Bed\u00fcrfnisse des Verbrauchers zugeschnitten sind.<\/p>\n<ul>\n<li><strong> 6 Verg\u00fctung<\/strong><\/li>\n<\/ul>\n<ol>\n<li>Der angebotene Preis ist bindend. Im Preis ist die gesetzliche Umsatzsteuer enthalten. Beim Versendungskauf versteht sich der Preis zuz\u00fcglich Versandkosten und evtl. Zusatzkosten f\u00fcr die Zahlungsart und Mindermengenzuschlag.<\/li>\n<li>Der Kunde erh\u00e4lt eine Rechnung mit ausgewiesener Mehrwertsteuer.<\/li>\n<li>Der Verbraucher hat w\u00e4hrend des Verzugs die Geldschuld in H\u00f6he von 9 %\u00a0 \u00fcber dem Basiszinssatz zu verzinsen. Gegen\u00fcber dem Unternehmer behalten wir uns vor, einen h\u00f6heren Verzugsschaden nachzuweisen und geltend zu machen.<\/li>\n<li>Bei Zahlungsverzug machen wir lt. \u00a7 288 Abs. 5 BGB einen Verzugsschaden von 40 \u20ac geltend.<\/li>\n<li>Bei R\u00fcck\u00fcberweisungen auf Grund z.B. einer Doppelzahlung, verrechnen wir eine Aufwandspauschale von 3,00 \u20ac pro Buchung.<\/li>\n<li>Etwa bewilligte Rabatte entfallen bei au\u00dfergerichtlichen Vergleichsverfahren, Insolvenz und Zahlungsverzug.<\/li>\n<li>Der Kunde hat ein Recht zur Aufrechnung nur, wenn seine Gegenanspr\u00fcche rechtskr\u00e4ftig festgestellt wurden oder durch uns anerkannt wurden. Der Kunde kann ein Zur\u00fcckbehaltungsrecht nur aus\u00fcben, wenn sein Gegenanspruch auf demselben Vertragsverh\u00e4ltnis beruht.<\/li>\n<\/ol>\n<ul>\n<li><strong> 7 Gefahren\u00fcbergang<\/strong><\/li>\n<\/ul>\n<ol>\n<li>Bei Verbrauchern geht die Gefahr des zuf\u00e4lligen Untergangs und der zuf\u00e4lligen Verschlechterung der Ware auch beim Versendungskauf mit der \u00dcbergabe der Ware auf den Verbraucher \u00fcber. Bei Unternehmen geht die Gefahr des zuf\u00e4lligen Untergangs und der zuf\u00e4lligen Verschlechterung der Ware mit der \u00dcbergabe, beim Versendungskauf mit der Auslieferung der Ware an den Spediteut, den Frachtf\u00fchrer oder die sonst zur Ausf\u00fchrung der Versendung bestimmte Person oder Anstalt auf den Unternehmer \u00fcber. Der \u00dcbergabe steht es gleich, wenn der Kunde mit der Annahme in Verzug ist.<\/li>\n<\/ol>\n<ul>\n<li><strong> 8 Gew\u00e4hrleistung<br \/>\n<\/strong><\/li>\n<\/ul>\n<ol>\n<li>Bei allen Waren aus unserem Shop bestehen gesetzliche Gew\u00e4hrleistungsrechte.<\/li>\n<li>Bei gebrauchten Sachen betr\u00e4gt die Gew\u00e4hrleistungspflicht abweichend von der gesetzlichen Regelung ein Jahr ab Lieferung der Ware. Die einj\u00e4hrige Gew\u00e4hrleistungspflicht gilt nicht f\u00fcr dem Verbraucher zurechenbare schuldhaft verursachte Sch\u00e4den aus der Verletzung des Lebens, des K\u00f6rpers oder der Gesundheit und grob fahrl\u00e4ssig oder vors\u00e4tzlich verursachte Sch\u00e4den bzw. Arglist des Verk\u00e4ufers, sowie bei R\u00fcckgriffsanspr\u00fcchen gem\u00e4\u00df \u00a7\u00a7 478, 479 BGB<\/li>\n<li>Soweit Sie Unternehmer sind, gilt abweichen von Ziff. 1:<\/li>\n<li>a) Als Beschaffenheit der Ware gelten nur die eigenen Angaben des Verk\u00e4ufers und die Produktbeschreibung des Herstellers als vereinbart, nicht jedoch sonstige Werbung, \u00f6ffentliche Anpreisungen und \u00c4u\u00dferungen des Herstellers.<\/li>\n<li>b) Sie sind verpflichtet, die Ware unverz\u00fcglich und mit gebotener Sorgfalt auf Qualit\u00e4ts- und Mengenabweichungen zu untersuchen und offensichtliche M\u00e4ngel binnen 7 Tagen ab Empfang der Ware dem Verk\u00e4ufer schriftlich anzuzeigen, zur Fristwahrung reicht die rechtzeitige Absendung. Dies gilt auch f\u00fcr sp\u00e4ter festgestellte verdeckte M\u00e4ngel ab Entdeckung. Bei Verletzung der Untersuchungs- und R\u00fcgepflicht ist die Geltendmachung der Gew\u00e4hrleistungsanspr\u00fcche ausgeschlossen.<\/li>\n<li>c) Bei M\u00e4ngeln leistet der Verk\u00e4ufer nach seiner Wahl Gew\u00e4hr durch Nachbesserung oder Ersatzlieferung. Schl\u00e4gt die Mangelbeseitigung zweimal fehl, k\u00f6nnen Sie nach Ihrer Wahl Minderung verlangen oder vom Vertrag zur\u00fccktreten. Im Falle einer Nachbesserung muss der Verk\u00e4ufer nicht die erh\u00f6hten Kosten tragen, die durch die Verbringung der Ware an einen anderen Ort als den Erf\u00fcllungsort entstehen, sofern die Verbringung nicht dem bestimmten Gebrauch der Ware entspricht.<\/li>\n<li>d) Die Gew\u00e4hrleistungsfrist betr\u00e4gt ein Jahr ab Ablieferung der Ware. Ziffer 2 Satz 2 gilt entsprechend.<\/li>\n<\/ol>\n<ul>\n<li><strong> 9 Haftungsbeschr\u00e4nkungen<\/strong><\/li>\n<\/ul>\n<ol>\n<li>Bei leicht fahrl\u00e4ssigen Pflichtverletzungen beschr\u00e4nkt sich unsere Haftung sowie die unserer Erf\u00fcllungsgehilfen auf den vorhersehbaren, vertragstypischen, unmittelbaren Durchschnittsschaden. Bei leicht fahrl\u00e4ssigen Pflichtverletzungen von nicht vertragswesentlichen Pflichten, durch deren Verletzung die Durchf\u00fchrung des Vertrages nicht gef\u00e4hrdet wird, haften wir sowie unsere Erf\u00fcllungsgehilfen nicht. Die vorstehenden Haftungsbeschr\u00e4nkungen betreffen nicht Anspr\u00fcche des Kunden aus Produkthaftung oder aus Garantie. Weiter gelten die Haftungsbeschr\u00e4nkungen nicht bei uns zurechenbaren K\u00f6rper- und Gesundheitssch\u00e4den oder bei Verlust des Lebens des Kunden.<\/li>\n<li>Wir haften nur f\u00fcr die Inhalte auf der Webseite unseres Online-Shops. Soweit wir mit Links den Zugang zu anderen Websites erm\u00f6glichen, sind wir f\u00fcr die dort enthaltenen fremden Inhalte nicht verantwortlich. Wir machen uns die fremden Inhalte nicht zu eigen. Sofern wir Kenntnis von rechtswidrigen Inhalten auf externen Websites erhalten, werden wir den Zugang zu diesen Seiten unverz\u00fcglich sperren.<\/li>\n<\/ol>\n","protected":false},"excerpt":{"rendered":"<p>Allgemeine Gesch\u00e4ftsbedingungen und Widerrufsrecht Allgemeine Gesch\u00e4ftsbedingungen der Firma Doris M\u00fcnter, Pfeil- und Bogenwerkstatt \u2013 Stand 20.6.2016 1 Allgemeines \u2013 Geltungsbereich Allen Gesch\u00e4ftsbeziehungen zwischen Doris M\u00fcnter, Pfeil- und Bogenwerkstatt (nachfolgend Verk\u00e4ufer) und unseren Kunden (nachfolgend K\u00e4ufer) liegen unsere Gesch\u00e4fts- und Lieferbedingungen zu Grunde, die vom K\u00e4ufer mit der Bestellung anerkannt werden. Ma\u00dfgeblich ist jeweils die zum [&hellip;]<\/p>\n","protected":false},"author":1,"featured_media":0,"parent":0,"menu_order":5,"comment_status":"closed","ping_status":"closed","template":"","meta":{"footnotes":""},"class_list":["post-24","page","type-page","status-publish","hentry"],"_links":{"self":[{"href":"http:\/\/www.sitkaschaft.de\/index.php?rest_route=\/wp\/v2\/pages\/24","targetHints":{"allow":["GET"]}}],"collection":[{"href":"http:\/\/www.sitkaschaft.de\/index.php?rest_route=\/wp\/v2\/pages"}],"about":[{"href":"http:\/\/www.sitkaschaft.de\/index.php?rest_route=\/wp\/v2\/types\/page"}],"author":[{"embeddable":true,"href":"http:\/\/www.sitkaschaft.de\/index.php?rest_route=\/wp\/v2\/users\/1"}],"replies":[{"embeddable":true,"href":"http:\/\/www.sitkaschaft.de\/index.php?rest_route=%2Fwp%2Fv2%2Fcomments&post=24"}],"version-history":[{"count":23,"href":"http:\/\/www.sitkaschaft.de\/index.php?rest_route=\/wp\/v2\/pages\/24\/revisions"}],"predecessor-version":[{"id":858,"href":"http:\/\/www.sitkaschaft.de\/index.php?rest_route=\/wp\/v2\/pages\/24\/revisions\/858"}],"wp:attachment":[{"href":"http:\/\/www.sitkaschaft.de\/index.php?rest_route=%2Fwp%2Fv2%2Fmedia&parent=24"}],"curies":[{"name":"wp","href":"https:\/\/api.w.org\/{rel}","templated":true}]}}