{"id":139,"date":"2016-10-23T12:12:41","date_gmt":"2016-10-23T10:12:41","guid":{"rendered":"http:\/\/www.sitkaschaft.de\/?page_id=139"},"modified":"2020-02-05T08:56:52","modified_gmt":"2020-02-05T07:56:52","slug":"die-sitkafichte","status":"publish","type":"page","link":"http:\/\/www.sitkaschaft.de\/?page_id=139","title":{"rendered":"Pfeilsch\u00e4fte aus Sitkafichte"},"content":{"rendered":"<p><strong>Sitkafichte ist ein herausragendes Holz f\u00fcr Pfeilsch\u00e4fte, in der Relation von der Biegesteifigkeit zu Gewicht wird es von keinem anderen Pfeilholz \u00fcbertroffen.<\/strong><\/p>\n<p><img loading=\"lazy\" decoding=\"async\" class=\"alignleft wp-image-196\" src=\"http:\/\/www.sitkaschaft.de\/wp-content\/uploads\/2016\/10\/SchaeftePfeil.jpg\" alt=\"schaeftepfeil\" width=\"900\" height=\"468\" srcset=\"http:\/\/www.sitkaschaft.de\/wp-content\/uploads\/2016\/10\/SchaeftePfeil.jpg 800w, http:\/\/www.sitkaschaft.de\/wp-content\/uploads\/2016\/10\/SchaeftePfeil-300x156.jpg 300w, http:\/\/www.sitkaschaft.de\/wp-content\/uploads\/2016\/10\/SchaeftePfeil-768x399.jpg 768w\" sizes=\"auto, (max-width: 900px) 100vw, 900px\" \/><\/p>\n<h4><\/h4>\n<h4><strong><img loading=\"lazy\" decoding=\"async\" class=\"alignleft wp-image-192\" src=\"http:\/\/www.sitkaschaft.de\/wp-content\/uploads\/2016\/10\/DSC1971.jpg\" alt=\"_dsc1971\" width=\"141\" height=\"253\" srcset=\"http:\/\/www.sitkaschaft.de\/wp-content\/uploads\/2016\/10\/DSC1971.jpg 446w, http:\/\/www.sitkaschaft.de\/wp-content\/uploads\/2016\/10\/DSC1971-167x300.jpg 167w\" sizes=\"auto, (max-width: 141px) 100vw, 141px\" \/>Die Sitkafichte<\/strong><\/h4>\n<p>Die Sitkafichte (Picea sitchensis) hat ihr nat\u00fcrliches Verbreitungsgebiet entlang eines schmalen Streifens der nordamerikanischen Pazifikk\u00fcste von Alaska bis in den Norden Kaliforniens. Sie geh\u00f6ren zu den Waldb\u00e4umen des &#8222;Fog belt&#8220; der nordamerikanischen Pazifikk\u00fcste, in dem die einheimischen Koniferen nahezu ideale Wuchsbedingungen finden und W\u00e4lder h\u00f6chster Leistungsf\u00e4higkeit bilden. In ihrem nat\u00fcrlichen Verbreitungsgebiet und unter optimalen Standortbedingungen kann sie h\u00f6her als 80 m werden und einen Durchmesser von 5 m erreichen. Das relativ leichte, weiche und gradfaserige Sitkaholz ist in einem wei\u00dflichgelben und gelblichbraunen Kern differenziert.<\/p>\n<h4><\/h4>\n<h4><\/h4>\n<h4><strong><img loading=\"lazy\" decoding=\"async\" class=\"alignleft wp-image-215\" src=\"http:\/\/www.sitkaschaft.de\/wp-content\/uploads\/2016\/10\/Sitkabretter1-1.jpg\" alt=\"sitkabretter1\" width=\"139\" height=\"185\" srcset=\"http:\/\/www.sitkaschaft.de\/wp-content\/uploads\/2016\/10\/Sitkabretter1-1.jpg 600w, http:\/\/www.sitkaschaft.de\/wp-content\/uploads\/2016\/10\/Sitkabretter1-1-225x300.jpg 225w\" sizes=\"auto, (max-width: 139px) 100vw, 139px\" \/>Holzeigenschaften<\/strong><\/h4>\n<p>Das geruchlose Holz der Sitkafichte hat eine Rohdichte von ca. 410kg\/m\u00b3, sein Elastizit\u00e4tsmodul (als Ma\u00df der Biegungssteifigkeit) liegt mit 12000 N\/mm\u00b2 noch \u00fcber dem der Port Orford Cedar und deutlich \u00fcber dem anderer Pfeilh\u00f6lzer. Die Trocknung ist unproblematisch, das Holz ist extrem langfaserig und deshalb im Bezug auf sein Gewicht ungew\u00f6hnlich stabil und schlecht spaltbar. Gegen\u00fcber anderen Holzarten zeichnet es sich vor allem durch seine hohe Schockabsorbtion aus. Sitka widersteht harten St\u00f6\u00dfen und pl\u00f6tzlich auftretenden Belastungen sehr gut.<\/p>\n<h4><strong><img loading=\"lazy\" decoding=\"async\" class=\"alignleft wp-image-242\" src=\"http:\/\/www.sitkaschaft.de\/wp-content\/uploads\/2016\/10\/CIMG6030.jpg\" alt=\"cimg6030\" width=\"139\" height=\"185\" srcset=\"http:\/\/www.sitkaschaft.de\/wp-content\/uploads\/2016\/10\/CIMG6030.jpg 600w, http:\/\/www.sitkaschaft.de\/wp-content\/uploads\/2016\/10\/CIMG6030-225x300.jpg 225w\" sizes=\"auto, (max-width: 139px) 100vw, 139px\" \/>Vom Stamm zum Pfeilschaft<\/strong><\/h4>\n<p>Das von mir verwendete Holz stammt aus den besten Wuchsgebieten im s\u00fcdlichen Alaska. Nur bestes und astfreies Holz wird von unserem Holzh\u00e4ndler aus seinem eigenen S\u00e4gewerk nach Europa exportiert. Nach gr\u00fcndlicher Trocknung und Vorverarbeitung in ca 90 cm lange Latten beziehen wir das Holz in ausgesuchter Qualit\u00e4t direkt vom H\u00e4ndler. Nachdem pr\u00e4zise Sch\u00e4fte mit einer Hochleistungsfr\u00e4se gefr\u00e4st wurden wird noch einmal jeder einzelne Schaft einem Feinschliff unterzogen. Dabei erfolgt eine st\u00e4ndige Qualit\u00e4tskontrolle, ungeeignetes Material wird konsequent aussortiert. Jeder einzele Schaft wird auf Gradheit gepr\u00fcft von Hand gespinet und auf einer Feinwaage gewogen. Zum Verkauf kommen ausschlie\u00dflich exakt runde und hochwertige Sch\u00e4fte.<\/p>\n<p style=\"text-align: center;\"><strong><span style=\"text-decoration: underline;\">\u00a0<\/span><\/strong><\/p>\n<h4><strong><img loading=\"lazy\" decoding=\"async\" class=\"alignleft wp-image-226\" src=\"http:\/\/www.sitkaschaft.de\/wp-content\/uploads\/2016\/10\/CIMG5982.jpg\" alt=\"cimg5982\" width=\"139\" height=\"185\" srcset=\"http:\/\/www.sitkaschaft.de\/wp-content\/uploads\/2016\/10\/CIMG5982.jpg 600w, http:\/\/www.sitkaschaft.de\/wp-content\/uploads\/2016\/10\/CIMG5982-225x300.jpg 225w\" sizes=\"auto, (max-width: 139px) 100vw, 139px\" \/>Vorteile von Sitkafichte gegen\u00fcber anderen Pfeilh\u00f6lzern<\/strong><\/h4>\n<p>Mit Pfeilsch\u00e4ften aus Sitkafichte erreicht man, aufgrund des geringen Gewichts, eine schnelle Abschussgeschwindigkeit und damit eine flache Flugbahn. Die Pfeile stabilisieren sich au\u00dferordentlich rasch und gut. Zudem ist ihre Stabilit\u00e4t deutlich h\u00f6her als bei einem herk\u00f6mmlichen Fichtenschaft. Auch l\u00e4sst es sich mit etwas W\u00e4rme besonders gut bleibend richten, wenn der Pfeil nach einem Fehlschuss doch einmal etwas krumm geworden ist.<\/p>\n<div id=\"attachment_222\" style=\"width: 439px\" class=\"wp-caption alignleft\"><img loading=\"lazy\" decoding=\"async\" aria-describedby=\"caption-attachment-222\" class=\"wp-image-222\" src=\"http:\/\/www.sitkaschaft.de\/wp-content\/uploads\/2016\/10\/Alaska-Mei-05-020.jpg\" alt=\"alaska-mei-05-020\" width=\"429\" height=\"322\" srcset=\"http:\/\/www.sitkaschaft.de\/wp-content\/uploads\/2016\/10\/Alaska-Mei-05-020.jpg 800w, http:\/\/www.sitkaschaft.de\/wp-content\/uploads\/2016\/10\/Alaska-Mei-05-020-300x225.jpg 300w, http:\/\/www.sitkaschaft.de\/wp-content\/uploads\/2016\/10\/Alaska-Mei-05-020-768x576.jpg 768w\" sizes=\"auto, (max-width: 429px) 100vw, 429px\" \/><p id=\"caption-attachment-222\" class=\"wp-caption-text\">S\u00e4gewerk in Alaska<\/p><\/div>\n<div id=\"attachment_290\" style=\"width: 438px\" class=\"wp-caption alignleft\"><img loading=\"lazy\" decoding=\"async\" aria-describedby=\"caption-attachment-290\" class=\"wp-image-290\" src=\"http:\/\/www.sitkaschaft.de\/wp-content\/uploads\/2016\/10\/Sitkasch\u00e4fte-Palette1.jpg\" alt=\"sitkaschaefte-palette1\" width=\"428\" height=\"321\" srcset=\"http:\/\/www.sitkaschaft.de\/wp-content\/uploads\/2016\/10\/Sitkasch\u00e4fte-Palette1.jpg 800w, http:\/\/www.sitkaschaft.de\/wp-content\/uploads\/2016\/10\/Sitkasch\u00e4fte-Palette1-300x225.jpg 300w, http:\/\/www.sitkaschaft.de\/wp-content\/uploads\/2016\/10\/Sitkasch\u00e4fte-Palette1-768x576.jpg 768w\" sizes=\"auto, (max-width: 428px) 100vw, 428px\" \/><p id=\"caption-attachment-290\" class=\"wp-caption-text\">5000 fertige Sitkafichten-Sch\u00e4fte<\/p><\/div>\n<h4><strong>Literatur:<\/strong><\/h4>\n<p>Gesamtverband Deutscher Holzhandel e.V., Informationsdienst Holz, Merkblattreihe Holzarten Blatt 26 Sitka, o.O, o.J.<\/p>\n<p>Knigge W.: Die Holzeigenschaften der Sitka, Forstl. Versuchsanstalt Bd 24\/25, Frankfurt 1962<\/p>\n<p>Sch\u00fctt\u00a0 et al. : Lexikon der Nadelb\u00e4ume. Nikol- Verlagsgesellschaft, Hamburg 2004, (S. 315 &#8211; 328)<\/p>\n","protected":false},"excerpt":{"rendered":"<p>Sitkafichte ist ein herausragendes Holz f\u00fcr Pfeilsch\u00e4fte, in der Relation von der Biegesteifigkeit zu Gewicht wird es von keinem anderen Pfeilholz \u00fcbertroffen. Die Sitkafichte Die Sitkafichte (Picea sitchensis) hat ihr nat\u00fcrliches Verbreitungsgebiet entlang eines schmalen Streifens der nordamerikanischen Pazifikk\u00fcste von Alaska bis in den Norden Kaliforniens. Sie geh\u00f6ren zu den Waldb\u00e4umen des &#8222;Fog belt&#8220; der [&hellip;]<\/p>\n","protected":false},"author":1,"featured_media":0,"parent":136,"menu_order":0,"comment_status":"closed","ping_status":"closed","template":"","meta":{"footnotes":""},"class_list":["post-139","page","type-page","status-publish","hentry"],"_links":{"self":[{"href":"http:\/\/www.sitkaschaft.de\/index.php?rest_route=\/wp\/v2\/pages\/139","targetHints":{"allow":["GET"]}}],"collection":[{"href":"http:\/\/www.sitkaschaft.de\/index.php?rest_route=\/wp\/v2\/pages"}],"about":[{"href":"http:\/\/www.sitkaschaft.de\/index.php?rest_route=\/wp\/v2\/types\/page"}],"author":[{"embeddable":true,"href":"http:\/\/www.sitkaschaft.de\/index.php?rest_route=\/wp\/v2\/users\/1"}],"replies":[{"embeddable":true,"href":"http:\/\/www.sitkaschaft.de\/index.php?rest_route=%2Fwp%2Fv2%2Fcomments&post=139"}],"version-history":[{"count":73,"href":"http:\/\/www.sitkaschaft.de\/index.php?rest_route=\/wp\/v2\/pages\/139\/revisions"}],"predecessor-version":[{"id":685,"href":"http:\/\/www.sitkaschaft.de\/index.php?rest_route=\/wp\/v2\/pages\/139\/revisions\/685"}],"up":[{"embeddable":true,"href":"http:\/\/www.sitkaschaft.de\/index.php?rest_route=\/wp\/v2\/pages\/136"}],"wp:attachment":[{"href":"http:\/\/www.sitkaschaft.de\/index.php?rest_route=%2Fwp%2Fv2%2Fmedia&parent=139"}],"curies":[{"name":"wp","href":"https:\/\/api.w.org\/{rel}","templated":true}]}}