{"id":136,"date":"2016-10-23T12:08:00","date_gmt":"2016-10-23T10:08:00","guid":{"rendered":"http:\/\/www.sitkaschaft.de\/?page_id=136"},"modified":"2020-02-05T08:55:17","modified_gmt":"2020-02-05T07:55:17","slug":"wissen","status":"publish","type":"page","link":"http:\/\/www.sitkaschaft.de\/?page_id=136","title":{"rendered":"Wissen"},"content":{"rendered":"<h5 style=\"padding-left: 30px;\"><strong><img loading=\"lazy\" decoding=\"async\" class=\"alignnone wp-image-178\" src=\"http:\/\/www.sitkaschaft.de\/wp-content\/uploads\/2016\/10\/test3.jpg\" alt=\"B\u00fccher\" width=\"900\" height=\"451\" srcset=\"http:\/\/www.sitkaschaft.de\/wp-content\/uploads\/2016\/10\/test3.jpg 800w, http:\/\/www.sitkaschaft.de\/wp-content\/uploads\/2016\/10\/test3-300x150.jpg 300w, http:\/\/www.sitkaschaft.de\/wp-content\/uploads\/2016\/10\/test3-768x385.jpg 768w\" sizes=\"auto, (max-width: 900px) 100vw, 900px\" \/><\/strong><\/h5>\n<h5 style=\"padding-left: 30px;\"><\/h5>\n<h4 style=\"text-align: left; padding-left: 30px;\"><strong>In dieser Rubrik findet ihr Wissenswertes rund um das Thema Holzpfeile, Pfeilbau und traditionelles Bogenschiessen. Dieser Bereich der Webseite wird langsam und stetig wachsen, schaut einfach \u00f6fter mal vorbei. Die unten stehenden Links f\u00fchren euch zu den verschiedenen Beitr\u00e4gen.<br \/>\n<\/strong><\/h4>\n<h4 style=\"padding-left: 30px;\"><span style=\"color: #008000;\"><a style=\"color: #008000;\" href=\"http:\/\/www.sitkaschaft.de\/?page_id=139\"><span style=\"text-decoration: underline;\"><strong>Pfeilsch\u00e4fte aus Sitkafichte<\/strong><\/span><\/a><\/span><\/h4>\n","protected":false},"excerpt":{"rendered":"<p>In dieser Rubrik findet ihr Wissenswertes rund um das Thema Holzpfeile, Pfeilbau und traditionelles Bogenschiessen. Dieser Bereich der Webseite wird langsam und stetig wachsen, schaut einfach \u00f6fter mal vorbei. Die unten stehenden Links f\u00fchren euch zu den verschiedenen Beitr\u00e4gen. Pfeilsch\u00e4fte aus Sitkafichte<\/p>\n","protected":false},"author":1,"featured_media":0,"parent":0,"menu_order":4,"comment_status":"closed","ping_status":"closed","template":"","meta":{"footnotes":""},"class_list":["post-136","page","type-page","status-publish","hentry"],"_links":{"self":[{"href":"http:\/\/www.sitkaschaft.de\/index.php?rest_route=\/wp\/v2\/pages\/136","targetHints":{"allow":["GET"]}}],"collection":[{"href":"http:\/\/www.sitkaschaft.de\/index.php?rest_route=\/wp\/v2\/pages"}],"about":[{"href":"http:\/\/www.sitkaschaft.de\/index.php?rest_route=\/wp\/v2\/types\/page"}],"author":[{"embeddable":true,"href":"http:\/\/www.sitkaschaft.de\/index.php?rest_route=\/wp\/v2\/users\/1"}],"replies":[{"embeddable":true,"href":"http:\/\/www.sitkaschaft.de\/index.php?rest_route=%2Fwp%2Fv2%2Fcomments&post=136"}],"version-history":[{"count":19,"href":"http:\/\/www.sitkaschaft.de\/index.php?rest_route=\/wp\/v2\/pages\/136\/revisions"}],"predecessor-version":[{"id":683,"href":"http:\/\/www.sitkaschaft.de\/index.php?rest_route=\/wp\/v2\/pages\/136\/revisions\/683"}],"wp:attachment":[{"href":"http:\/\/www.sitkaschaft.de\/index.php?rest_route=%2Fwp%2Fv2%2Fmedia&parent=136"}],"curies":[{"name":"wp","href":"https:\/\/api.w.org\/{rel}","templated":true}]}}